{"id":14,"date":"2020-02-13T16:26:50","date_gmt":"2020-02-13T13:26:50","guid":{"rendered":"http:\/\/infovaldex.com.tr\/?page_id=14"},"modified":"2020-06-11T19:00:03","modified_gmt":"2020-06-11T16:00:03","slug":"hakkimizda","status":"publish","type":"page","link":"https:\/\/infovaldex.com.tr\/tr_tr\/hakkimizda\/","title":{"rendered":"Hakk\u0131m\u0131zda"},"content":{"rendered":"\n<p> <strong>INFOVALDEX CONSULTING<\/strong>, 2016 y\u0131l\u0131nda \u0130stanbul \u00dcniversitesi Avc\u0131lar Kamp\u00fcs\u00fc Teknokent binas\u0131nda kurulmu\u015ftur. Ba\u011f\u0131ms\u0131z bir finansal dan\u0131\u015fmanl\u0131k firmas\u0131 olarak kurulan INFOVALDEX CONSULTING, Finansal ve Y\u00f6netimsel Dan\u0131\u015fmanl\u0131k hizmetlerinin yan\u0131s\u0131ra \u015eirket \u0130\u00e7i E\u011fitim Programlar\u0131 alanlar\u0131nda da faaliyet g\u00f6stermektedir.<\/p>\n\n\n\n<p><strong>M\u0130SYONUMUZ:<\/strong><\/p>\n\n\n\n<p>Ulusal ve uluslararas\u0131 piyasalar hakk\u0131ndaki bilgi ve tecr\u00fcbelerimizle geli\u015fim s\u00fcrecinde olan i\u015f ortaklar\u0131m\u0131za ihtiya\u00e7lar\u0131 do\u011frultusunda de\u011fer katmak, verimliliklerini art\u0131rmak, kurumsalla\u015fma ad\u0131mlar\u0131nda destek olarak kal\u0131c\u0131 ve s\u00fcrd\u00fcr\u00fclebilir geli\u015fmelerinde hizmet orta\u011f\u0131 olmak.<\/p>\n\n\n\n<p><strong>V\u0130ZYONUMUZ:<\/strong><\/p>\n\n\n\n<p>Dan\u0131\u015fmanl\u0131k ve e\u011fitim alan\u0131nda ilk akla gelen firma olmak<\/p>\n\n\n\n<p><strong>STRATEJ\u0130M\u0130Z:<\/strong><\/p>\n\n\n\n<p>\u00c7al\u0131\u015fma prensiplerimiz ve y\u00f6netim tecr\u00fcbelerimizle hedeflerimizi ger\u00e7ekle\u015ftirip, ba\u015far\u0131m\u0131z\u0131n kal\u0131c\u0131 ve s\u00fcrd\u00fcr\u00fclebilir olmas\u0131n\u0131 sa\u011flamak.<\/p>\n\n\n\n<p><strong>M\u00dc\u015eTER\u0130 ODAKLILIK:<\/strong><\/p>\n\n\n\n<p>\u201cM\u00fc\u015fteri\nodakl\u0131 \u00e7\u00f6z\u00fcm\u201d INFOVALDEX CONSULTING i\u00e7in tek se\u00e7enektir.<\/p>\n\n\n\n<p><strong>UZMANLIK:<\/strong><\/p>\n\n\n\n<p>Akademisyen\nve uzman ki\u015filerden olu\u015fan kadrosu \u00e7\u00f6z\u00fcm s\u00fcrecinde ortak bilin\u00e7tedir.<\/p>\n","protected":false},"excerpt":{"rendered":"<p>INFOVALDEX CONSULTING, 2016 y\u0131l\u0131nda \u0130stanbul \u00dcniversitesi Avc\u0131lar Kamp\u00fcs\u00fc Teknokent binas\u0131nda kurulmu\u015ftur. Ba\u011f\u0131ms\u0131z bir finansal dan\u0131\u015fmanl\u0131k firmas\u0131 olarak kurulan INFOVALDEX CONSULTING, Finansal ve Y\u00f6netimsel Dan\u0131\u015fmanl\u0131k hizmetlerinin yan\u0131s\u0131ra \u015eirket \u0130\u00e7i E\u011fitim Programlar\u0131 alanlar\u0131nda da faaliyet g\u00f6stermektedir. M\u0130SYONUMUZ: Ulusal ve uluslararas\u0131 piyasalar hakk\u0131ndaki bilgi ve tecr\u00fcbelerimizle geli\u015fim s\u00fcrecinde olan i\u015f ortaklar\u0131m\u0131za ihtiya\u00e7lar\u0131 do\u011frultusunda de\u011fer katmak, verimliliklerini art\u0131rmak, kurumsalla\u015fma [&hellip;]<\/p>\n","protected":false},"author":1,"featured_media":0,"parent":0,"menu_order":0,"comment_status":"closed","ping_status":"closed","template":"","meta":{"footnotes":""},"class_list":["post-14","page","type-page","status-publish","hentry"],"yoast_head":"<!-- This site is optimized with the Yoast SEO plugin v22.4 - https:\/\/yoast.com\/wordpress\/plugins\/seo\/ -->\n<title>Hakk\u0131m\u0131zda - INFOVALDEX CONSULTING<\/title>\n<meta name=\"robots\" content=\"index, follow, max-snippet:-1, max-image-preview:large, max-video-preview:-1\" \/>\n<link rel=\"canonical\" href=\"https:\/\/infovaldex.com.tr\/tr_tr\/hakkimizda\/\" \/>\n<meta property=\"og:locale\" content=\"tr_TR\" \/>\n<meta property=\"og:type\" content=\"article\" \/>\n<meta property=\"og:title\" content=\"Hakk\u0131m\u0131zda - INFOVALDEX CONSULTING\" \/>\n<meta property=\"og:description\" content=\"INFOVALDEX CONSULTING, 2016 y\u0131l\u0131nda \u0130stanbul \u00dcniversitesi Avc\u0131lar Kamp\u00fcs\u00fc Teknokent binas\u0131nda kurulmu\u015ftur. Ba\u011f\u0131ms\u0131z bir finansal dan\u0131\u015fmanl\u0131k firmas\u0131 olarak kurulan INFOVALDEX CONSULTING, Finansal ve Y\u00f6netimsel Dan\u0131\u015fmanl\u0131k hizmetlerinin yan\u0131s\u0131ra \u015eirket \u0130\u00e7i E\u011fitim Programlar\u0131 alanlar\u0131nda da faaliyet g\u00f6stermektedir. M\u0130SYONUMUZ: Ulusal ve uluslararas\u0131 piyasalar hakk\u0131ndaki bilgi ve tecr\u00fcbelerimizle geli\u015fim s\u00fcrecinde olan i\u015f ortaklar\u0131m\u0131za ihtiya\u00e7lar\u0131 do\u011frultusunda de\u011fer katmak, verimliliklerini art\u0131rmak, kurumsalla\u015fma [&hellip;]\" \/>\n<meta property=\"og:url\" content=\"https:\/\/infovaldex.com.tr\/tr_tr\/hakkimizda\/\" \/>\n<meta property=\"og:site_name\" content=\"INFOVALDEX CONSULTING\" \/>\n<meta property=\"article:modified_time\" content=\"2020-06-11T16:00:03+00:00\" \/>\n<meta name=\"twitter:card\" content=\"summary_large_image\" \/>\n<meta name=\"twitter:label1\" content=\"Tahmini okuma s\u00fcresi\" \/>\n\t<meta name=\"twitter:data1\" content=\"1 dakika\" \/>\n<script type=\"application\/ld+json\" class=\"yoast-schema-graph\">{\"@context\":\"https:\/\/schema.org\",\"@graph\":[{\"@type\":\"WebPage\",\"@id\":\"https:\/\/infovaldex.com.tr\/tr_tr\/hakkimizda\/\",\"url\":\"https:\/\/infovaldex.com.tr\/tr_tr\/hakkimizda\/\",\"name\":\"Hakk\u0131m\u0131zda - INFOVALDEX CONSULTING\",\"isPartOf\":{\"@id\":\"https:\/\/infovaldex.com.tr\/tr_tr\/#website\"},\"datePublished\":\"2020-02-13T13:26:50+00:00\",\"dateModified\":\"2020-06-11T16:00:03+00:00\",\"breadcrumb\":{\"@id\":\"https:\/\/infovaldex.com.tr\/tr_tr\/hakkimizda\/#breadcrumb\"},\"inLanguage\":\"tr\",\"potentialAction\":[{\"@type\":\"ReadAction\",\"target\":[\"https:\/\/infovaldex.com.tr\/tr_tr\/hakkimizda\/\"]}]},{\"@type\":\"BreadcrumbList\",\"@id\":\"https:\/\/infovaldex.com.tr\/tr_tr\/hakkimizda\/#breadcrumb\",\"itemListElement\":[{\"@type\":\"ListItem\",\"position\":1,\"name\":\"Home\",\"item\":\"https:\/\/infovaldex.com.tr\/tr_tr\/\"},{\"@type\":\"ListItem\",\"position\":2,\"name\":\"Hakk\u0131m\u0131zda\"}]},{\"@type\":\"WebSite\",\"@id\":\"https:\/\/infovaldex.com.tr\/tr_tr\/#website\",\"url\":\"https:\/\/infovaldex.com.tr\/tr_tr\/\",\"name\":\"INFOVALDEX CONSULTING\",\"description\":\"F\u0130NANSAL DANI\u015eMANLIK DE\u011eERLEME E\u011e\u0130T\u0130M VE YAZILIM ANON\u0130M \u015e\u0130RKET\u0130\",\"publisher\":{\"@id\":\"https:\/\/infovaldex.com.tr\/tr_tr\/#organization\"},\"potentialAction\":[{\"@type\":\"SearchAction\",\"target\":{\"@type\":\"EntryPoint\",\"urlTemplate\":\"https:\/\/infovaldex.com.tr\/tr_tr\/?s={search_term_string}\"},\"query-input\":\"required name=search_term_string\"}],\"inLanguage\":\"tr\"},{\"@type\":\"Organization\",\"@id\":\"https:\/\/infovaldex.com.tr\/tr_tr\/#organization\",\"name\":\"INFOVALDEX\",\"url\":\"https:\/\/infovaldex.com.tr\/tr_tr\/\",\"logo\":{\"@type\":\"ImageObject\",\"inLanguage\":\"tr\",\"@id\":\"https:\/\/infovaldex.com.tr\/tr_tr\/#\/schema\/logo\/image\/\",\"url\":\"https:\/\/infovaldex.com.tr\/wp-content\/uploads\/2020\/02\/infovaldexlogo.png\",\"contentUrl\":\"https:\/\/infovaldex.com.tr\/wp-content\/uploads\/2020\/02\/infovaldexlogo.png\",\"width\":150,\"height\":83,\"caption\":\"INFOVALDEX\"},\"image\":{\"@id\":\"https:\/\/infovaldex.com.tr\/tr_tr\/#\/schema\/logo\/image\/\"}}]}<\/script>\n<!-- \/ Yoast SEO plugin. -->","yoast_head_json":{"title":"Hakk\u0131m\u0131zda - INFOVALDEX CONSULTING","robots":{"index":"index","follow":"follow","max-snippet":"max-snippet:-1","max-image-preview":"max-image-preview:large","max-video-preview":"max-video-preview:-1"},"canonical":"https:\/\/infovaldex.com.tr\/tr_tr\/hakkimizda\/","og_locale":"tr_TR","og_type":"article","og_title":"Hakk\u0131m\u0131zda - INFOVALDEX CONSULTING","og_description":"INFOVALDEX CONSULTING, 2016 y\u0131l\u0131nda \u0130stanbul \u00dcniversitesi Avc\u0131lar Kamp\u00fcs\u00fc Teknokent binas\u0131nda kurulmu\u015ftur. Ba\u011f\u0131ms\u0131z bir finansal dan\u0131\u015fmanl\u0131k firmas\u0131 olarak kurulan INFOVALDEX CONSULTING, Finansal ve Y\u00f6netimsel Dan\u0131\u015fmanl\u0131k hizmetlerinin yan\u0131s\u0131ra \u015eirket \u0130\u00e7i E\u011fitim Programlar\u0131 alanlar\u0131nda da faaliyet g\u00f6stermektedir. M\u0130SYONUMUZ: Ulusal ve uluslararas\u0131 piyasalar hakk\u0131ndaki bilgi ve tecr\u00fcbelerimizle geli\u015fim s\u00fcrecinde olan i\u015f ortaklar\u0131m\u0131za ihtiya\u00e7lar\u0131 do\u011frultusunda de\u011fer katmak, verimliliklerini art\u0131rmak, kurumsalla\u015fma [&hellip;]","og_url":"https:\/\/infovaldex.com.tr\/tr_tr\/hakkimizda\/","og_site_name":"INFOVALDEX CONSULTING","article_modified_time":"2020-06-11T16:00:03+00:00","twitter_card":"summary_large_image","twitter_misc":{"Tahmini okuma s\u00fcresi":"1 dakika"},"schema":{"@context":"https:\/\/schema.org","@graph":[{"@type":"WebPage","@id":"https:\/\/infovaldex.com.tr\/tr_tr\/hakkimizda\/","url":"https:\/\/infovaldex.com.tr\/tr_tr\/hakkimizda\/","name":"Hakk\u0131m\u0131zda - INFOVALDEX CONSULTING","isPartOf":{"@id":"https:\/\/infovaldex.com.tr\/tr_tr\/#website"},"datePublished":"2020-02-13T13:26:50+00:00","dateModified":"2020-06-11T16:00:03+00:00","breadcrumb":{"@id":"https:\/\/infovaldex.com.tr\/tr_tr\/hakkimizda\/#breadcrumb"},"inLanguage":"tr","potentialAction":[{"@type":"ReadAction","target":["https:\/\/infovaldex.com.tr\/tr_tr\/hakkimizda\/"]}]},{"@type":"BreadcrumbList","@id":"https:\/\/infovaldex.com.tr\/tr_tr\/hakkimizda\/#breadcrumb","itemListElement":[{"@type":"ListItem","position":1,"name":"Home","item":"https:\/\/infovaldex.com.tr\/tr_tr\/"},{"@type":"ListItem","position":2,"name":"Hakk\u0131m\u0131zda"}]},{"@type":"WebSite","@id":"https:\/\/infovaldex.com.tr\/tr_tr\/#website","url":"https:\/\/infovaldex.com.tr\/tr_tr\/","name":"INFOVALDEX CONSULTING","description":"F\u0130NANSAL DANI\u015eMANLIK DE\u011eERLEME E\u011e\u0130T\u0130M VE YAZILIM ANON\u0130M \u015e\u0130RKET\u0130","publisher":{"@id":"https:\/\/infovaldex.com.tr\/tr_tr\/#organization"},"potentialAction":[{"@type":"SearchAction","target":{"@type":"EntryPoint","urlTemplate":"https:\/\/infovaldex.com.tr\/tr_tr\/?s={search_term_string}"},"query-input":"required name=search_term_string"}],"inLanguage":"tr"},{"@type":"Organization","@id":"https:\/\/infovaldex.com.tr\/tr_tr\/#organization","name":"INFOVALDEX","url":"https:\/\/infovaldex.com.tr\/tr_tr\/","logo":{"@type":"ImageObject","inLanguage":"tr","@id":"https:\/\/infovaldex.com.tr\/tr_tr\/#\/schema\/logo\/image\/","url":"https:\/\/infovaldex.com.tr\/wp-content\/uploads\/2020\/02\/infovaldexlogo.png","contentUrl":"https:\/\/infovaldex.com.tr\/wp-content\/uploads\/2020\/02\/infovaldexlogo.png","width":150,"height":83,"caption":"INFOVALDEX"},"image":{"@id":"https:\/\/infovaldex.com.tr\/tr_tr\/#\/schema\/logo\/image\/"}}]}},"_links":{"self":[{"href":"https:\/\/infovaldex.com.tr\/tr_tr\/wp-json\/wp\/v2\/pages\/14","targetHints":{"allow":["GET"]}}],"collection":[{"href":"https:\/\/infovaldex.com.tr\/tr_tr\/wp-json\/wp\/v2\/pages"}],"about":[{"href":"https:\/\/infovaldex.com.tr\/tr_tr\/wp-json\/wp\/v2\/types\/page"}],"author":[{"embeddable":true,"href":"https:\/\/infovaldex.com.tr\/tr_tr\/wp-json\/wp\/v2\/users\/1"}],"replies":[{"embeddable":true,"href":"https:\/\/infovaldex.com.tr\/tr_tr\/wp-json\/wp\/v2\/comments?post=14"}],"version-history":[{"count":19,"href":"https:\/\/infovaldex.com.tr\/tr_tr\/wp-json\/wp\/v2\/pages\/14\/revisions"}],"predecessor-version":[{"id":376,"href":"https:\/\/infovaldex.com.tr\/tr_tr\/wp-json\/wp\/v2\/pages\/14\/revisions\/376"}],"wp:attachment":[{"href":"https:\/\/infovaldex.com.tr\/tr_tr\/wp-json\/wp\/v2\/media?parent=14"}],"curies":[{"name":"wp","href":"https:\/\/api.w.org\/{rel}","templated":true}]}}