{"id":12,"date":"2020-02-13T16:26:50","date_gmt":"2020-02-13T13:26:50","guid":{"rendered":"http:\/\/infovaldex.com.tr\/?page_id=12"},"modified":"2020-04-03T13:06:27","modified_gmt":"2020-04-03T10:06:27","slug":"hizmetlerimiz","status":"publish","type":"page","link":"https:\/\/infovaldex.com.tr\/tr_tr\/hizmetlerimiz\/","title":{"rendered":"Hizmetlerimiz"},"content":{"rendered":"<ul>\n<li><span style='display:inline;'><input type='hidden' bg_collapse_expand='69e898f47c10f3004963283' value='69e898f47c10f3004963283'><input type='hidden' id='bg-show-more-text-69e898f47c10f3004963283' value='Y\u00f6netim Dan\u0131\u015fmanl\u0131\u011f\u0131 &gt;&gt;&gt;'><input type='hidden' id='bg-show-less-text-69e898f47c10f3004963283' value='Y\u00f6netim Dan\u0131\u015fmanl\u0131\u011f\u0131 &lt;&lt;&lt;'><a id='bg-showmore-action-69e898f47c10f3004963283' class='bg-showmore-plg-link  '  style=\" color:#4a4949;\" href='#'>Y\u00f6netim Dan\u0131\u015fmanl\u0131\u011f\u0131 &gt;&gt;&gt;<\/a><span id='bg-showmore-hidden-69e898f47c10f3004963283' >: INFOVALDEX CONSULTING, \u00e7\u00f6z\u00fcm ortaklar\u0131na i\u015f plan\u0131nda belirtilen t\u00fcm unsurlar\u0131 girdi olarak kabul eden ve bunlar\u0131 do\u011fru bir \u015fekilde i\u015fleyerek gelir tablosu, bilan\u00e7o ve nakit ak\u0131mlar\u0131 gibi gerekli \u00e7\u0131kt\u0131lar\u0131 sunabilen finansal modellerin tasarlanmas\u0131 ve olu\u015fturulmas\u0131 konusunda dan\u0131\u015fmanl\u0131k hizmeti sunmaktad\u0131r. Dan\u0131\u015fmanlar\u0131m\u0131z, finansal ve operasyonel bilgi ve deneyimlerini, \u015firketin faaliyetlerini do\u011fru bir \u015fekilde yans\u0131tma becerisine sahip esnek finansal modellerin haz\u0131rlanmas\u0131nda kullan\u0131r<\/span><\/span>.<\/li>\n<li><span style='display:inline;'><input type='hidden' bg_collapse_expand='69e898f47c2bf6068157371' value='69e898f47c2bf6068157371'><input type='hidden' id='bg-show-more-text-69e898f47c2bf6068157371' value='Firma De\u011ferleme Hizmetleri &gt;&gt;&gt;'><input type='hidden' id='bg-show-less-text-69e898f47c2bf6068157371' value='Firma De\u011ferleme Hizmetleri &lt;&lt;&lt;'><a id='bg-showmore-action-69e898f47c2bf6068157371' class='bg-showmore-plg-link  '  style=\" color:#4a4949;\" href='#'>Firma De\u011ferleme Hizmetleri &gt;&gt;&gt;<\/a><span id='bg-showmore-hidden-69e898f47c2bf6068157371' >:\u00a0 \u015eirketiniz i\u00e7in stratejik \u00f6nemde kararlar al\u0131rken, bu kararlar\u0131n \u015firkete sa\u011flad\u0131\u011f\u0131 katma de\u011feri dikkatli bir \u015fekilde analiz etmek gereklidir. INFOVALDEX CONSULTING, de\u011ferleme \u00e7al\u0131\u015fmalar\u0131n\u0131 y\u00fcr\u00fcten ayr\u0131 bir departman\u0131 b\u00fcnyesinde bar\u0131nd\u0131rmaktad\u0131r. Bu ekip, de\u011ferleme alan\u0131nda genel kabul g\u00f6rm\u00fc\u015f y\u00f6ntemler konusunda derin bilgi ve deneyime sahiptir. Geni\u015f sekt\u00f6r bilgisi ile INFOVALDEX CONSULTING sizlere titizlikle en iyi hizmeti vermeye haz\u0131rd\u0131r.<\/span><\/span><\/li>\n<li><span style='display:inline;'><input type='hidden' bg_collapse_expand='69e898f47c3d06084659159' value='69e898f47c3d06084659159'><input type='hidden' id='bg-show-more-text-69e898f47c3d06084659159' value='Firma Re-organizasyonu &gt;&gt;&gt;'><input type='hidden' id='bg-show-less-text-69e898f47c3d06084659159' value='Firma Re-organizasyonu &lt;&lt;&lt;'><a id='bg-showmore-action-69e898f47c3d06084659159' class='bg-showmore-plg-link  '  style=\" color:#4a4949;\" href='#'>Firma Re-organizasyonu &gt;&gt;&gt;<\/a><span id='bg-showmore-hidden-69e898f47c3d06084659159' >: Ekonomik dalgalanmalar, piyasadaki h\u0131zl\u0131 de\u011fi\u015fimler, kurdaki dalgalanmalar, piyasadaki rekabet ko\u015fullar\u0131n\u0131n de\u011fi\u015fmesi veya y\u00f6netimsel kararlar nedeniyle \u015eirketler ciddi finansal ve operasyonel sorunlarla kar\u015f\u0131la\u015fabilmektedir. Bu gibi sorunlar, devam\u0131nda nakit ihtiyac\u0131n\u0131 art\u0131rmakta ve k\u0131sa vadede \u00f6nemli nakit ak\u0131\u015f\u0131 sorunlar\u0131na sebep olmaktad\u0131r. \u015eirketler, olu\u015fan sorunlar\u0131n belirtilerini kriz ortaya \u00e7\u0131kmadan \u00f6nce g\u00f6rebilmekte, ancak h\u0131zl\u0131 bir \u015fekilde finansal dan\u0131\u015fmanl\u0131k almaktan \u00e7e\u015fitli nedenlerle ka\u00e7\u0131nmaktad\u0131r (olumsuz ko\u015fullar\u0131n piyasada duyulmas\u0131n\u0131 \u00f6nlemek gibi sebeplerle). Pek \u00e7ok durumda finansal ve operasyonel gidi\u015fat\u0131, zaman\u0131nda ve profesyonel m\u00fcdahale ile olumlu y\u00f6nde de\u011fi\u015ftirebilecek \u00e7\u00f6z\u00fcmler bulunmaktad\u0131r. INFOVALDEX CONSULTING \u00a0Kurumsal Finansman, Yeniden Yap\u0131land\u0131rma Dan\u0131\u015fmanl\u0131\u011f\u0131 hizmetlerimiz ile, finansal sorun ile kar\u015f\u0131la\u015fan \u015eirketlere ve beklenen finansal performans\u0131 kar\u015f\u0131layamayan \u015eirketler nedeniyle kredi s\u00fcre\u00e7lerinde sorun ya\u015fayan Bankalara, sorunlar\u0131n tespiti ve uygulanabilir \u00e7\u00f6z\u00fcmler konusunda dan\u0131\u015fmanl\u0131k hizmetleri sa\u011flamaktay\u0131z. Lokal ekibimizin akademik ve end\u00fcstriyel yurti\u00e7i ve yurtd\u0131\u015f\u0131 tecr\u00fcbeleri ile duruma \u00f6zg\u00fc \u00e7\u00f6z\u00fcm sunabilmekteyiz.<\/span><\/span><\/li>\n<li><span style='display:inline;'><input type='hidden' bg_collapse_expand='69e898f47c4d20062813447' value='69e898f47c4d20062813447'><input type='hidden' id='bg-show-more-text-69e898f47c4d20062813447' value='Ekonomik G\u00f6r\u00fcn\u00fcm &gt;&gt;&gt;'><input type='hidden' id='bg-show-less-text-69e898f47c4d20062813447' value='Ekonomik G\u00f6r\u00fcn\u00fcm &lt;&lt;&lt;'><a id='bg-showmore-action-69e898f47c4d20062813447' class='bg-showmore-plg-link  '  style=\" color:#4a4949;\" href='#'>Ekonomik G\u00f6r\u00fcn\u00fcm &gt;&gt;&gt;<\/a><span id='bg-showmore-hidden-69e898f47c4d20062813447' >: Fizibilite \u00e7al\u0131\u015fmalar\u0131, planlanmakta olan yat\u0131r\u0131mlar\u0131n ekonomik olarak ger\u00e7ekle\u015ftirilebilir olup olmad\u0131\u011f\u0131 konusunda bilgi vermeyi ama\u00e7lar. Bu \u00e7al\u0131\u015fmalar, planlaman\u0131n g\u00fcvenilirli\u011fini art\u0131r\u0131r ve projelerin yat\u0131r\u0131mc\u0131, stratejik ortak ve hissedarlara sunumunu kolayla\u015ft\u0131r\u0131r. Fizibilite \u00e7al\u0131\u015fmalar\u0131 genellikle, kapsaml\u0131 i\u015f planlar\u0131 \u00fczerinden ger\u00e7ekle\u015ftirilir ve yat\u0131r\u0131m projelerinin farkl\u0131 operasyonel ve finansal varsay\u0131mlar alt\u0131nda ger\u00e7ekle\u015ftirilebilir olup olmad\u0131\u011f\u0131n\u0131 raporlar.\n<p>INFOVALDEX CONSULTING, fizibilite \u00e7al\u0131\u015fmalar\u0131 s\u0131ras\u0131nda \u015firketler veya yat\u0131r\u0131mc\u0131lar taraf\u0131ndan olu\u015fturulan i\u015f planlar\u0131n\u0131 kullanmaktad\u0131r. \u0130\u015f planlar\u0131n\u0131n haz\u0131rlanmam\u0131\u015f veya yetersiz olmas\u0131 durumunda, i\u015f planlar\u0131n\u0131n INFOVALDEX CONSULTING taraf\u0131ndan olu\u015fturulmas\u0131 da s\u00f6z konusu olmaktad\u0131r. Bir fizibilite \u00e7al\u0131\u015fmas\u0131n\u0131n g\u00fcvenilirli\u011fi, bu \u00e7al\u0131\u015fmada kullan\u0131lan i\u015f plan\u0131n\u0131n, planlanan yat\u0131r\u0131m\u0131 do\u011fru bir \u015fekilde yans\u0131tabilme becerisi ile do\u011frudan ili\u015fkilidir.<\/p>\n<p>INFOVALDEX CONSULTING \u00a0fizibilite \u00e7al\u0131\u015fmalar\u0131n\u0131, gerekli verileri toplayan ve gelir tablosu, nakit ak\u0131m tablosu, bilan\u00e7o ve yat\u0131r\u0131m\u0131n karl\u0131l\u0131\u011f\u0131 gibi sonu\u00e7lar\u0131 \u00fcreten dura\u011fan bir s\u00fcre\u00e7 olarak de\u011ferlendirmemektedir. Aksine, INFOVALDEX CONSULTING \u00a0elde edilecek ekonomik fayday\u0131 maksimize etmek amac\u0131yla, planlad\u0131klar\u0131 yat\u0131r\u0131mlar\u0131n yap\u0131land\u0131r\u0131lmas\u0131 s\u0131ras\u0131nda m\u00fc\u015fterilerine yak\u0131n olarak \u00e7al\u0131\u015fmaktad\u0131r.<\/span><\/span><\/p>\n<\/li>\n<li>\n<span style='display:inline;'><input type='hidden' bg_collapse_expand='69e898f47c7458055700916' value='69e898f47c7458055700916'><input type='hidden' id='bg-show-more-text-69e898f47c7458055700916' value='\u015eirket Sat\u0131n Al\u0131mlar\u0131 &amp; Birle\u015fimleri &gt;&gt;&gt;'><input type='hidden' id='bg-show-less-text-69e898f47c7458055700916' value='\u015eirket Sat\u0131n Al\u0131mlar\u0131 ve Birle\u015fimleri &lt;&lt;&lt;'><a id='bg-showmore-action-69e898f47c7458055700916' class='bg-showmore-plg-link  '  style=\" color:#4a4949;\" href='#'>\u015eirket Sat\u0131n Al\u0131mlar\u0131 &amp; Birle\u015fimleri &gt;&gt;&gt;<\/a><span id='bg-showmore-hidden-69e898f47c7458055700916' >: Birle\u015fme ve sat\u0131n alma i\u015flemlerinin \u015firketinize katt\u0131\u011f\u0131 de\u011feri nas\u0131l \u00f6l\u00e7er ve korursunuz? Her t\u00fcr birle\u015fme, sat\u0131n alma, sat\u0131\u015f veya halka arz i\u015flemi kendisine \u00f6zg\u00fc riskleri ve f\u0131rsatlar\u0131 i\u00e7inde bar\u0131nd\u0131r\u0131r. \u0130\u015flemler s\u00fcresince her ad\u0131mda kar\u015f\u0131la\u015f\u0131lacak zorluklar\u0131 a\u015fmak i\u00e7in teknik bilgi ve tecr\u00fcbe gerekmektedir. Sahip oldu\u011fumuz teknik bilgi ve tecr\u00fcbelerimizle size her a\u015famada destek sa\u011flamaya ve i\u015fleminizin ba\u015far\u0131yla tamamlanmas\u0131na yard\u0131mc\u0131 olmaya haz\u0131r\u0131z. Birle\u015fme ve sat\u0131n alma i\u015flemlerinizde verdi\u011fimiz destek sadece i\u015fleme haz\u0131rlanma ve i\u015flemin ger\u00e7ekle\u015ftirilmesi a\u015famalar\u0131nda kalmamakta, i\u015flem sonras\u0131 entegrasyon a\u015famalar\u0131nda da dan\u0131\u015fmanl\u0131k hizmetlerimizle \u015firketinizi desteklemeye devam etmekteyiz.<\/span><\/span>\n<\/li>\n<li><span style='display:inline;'><input type='hidden' bg_collapse_expand='69e898f47c8654087140152' value='69e898f47c8654087140152'><input type='hidden' id='bg-show-more-text-69e898f47c8654087140152' value='Uluslararas\u0131 Finansal Raporlama Standartlar\u0131&gt;&gt;&gt;'><input type='hidden' id='bg-show-less-text-69e898f47c8654087140152' value='Uluslararas\u0131 Finansal Raporlama Standartlar\u0131&lt;&lt;&lt;'><a id='bg-showmore-action-69e898f47c8654087140152' class='bg-showmore-plg-link  '  style=\" color:#4a4949;\" href='#'>Uluslararas\u0131 Finansal Raporlama Standartlar\u0131&gt;&gt;&gt;<\/a><span id='bg-showmore-hidden-69e898f47c8654087140152' >: Kurumsal firmalar\u0131n uluslararas\u0131 finansal raporlama standartlar\u0131 de\u011ferlendirmeleri, e\u011fitim ve destekleri konusunda uzman dan\u0131\u015fmanl\u0131k hizmeti vermekteyiz. <\/span><\/span><\/li>\n<li><span style='display:inline;'><input type='hidden' bg_collapse_expand='69e898f47c9848001837766' value='69e898f47c9848001837766'><input type='hidden' id='bg-show-more-text-69e898f47c9848001837766' value='E\u011fitim Destek Programlar\u0131 (\u015eirket i\u00e7i\/d\u0131\u015f\u0131) &gt;&gt;&gt;'><input type='hidden' id='bg-show-less-text-69e898f47c9848001837766' value='E\u011fitim Destek Programlar\u0131 (\u015eirket i\u00e7i\/d\u0131\u015f\u0131) &lt;&lt;&lt;'><a id='bg-showmore-action-69e898f47c9848001837766' class='bg-showmore-plg-link  '  style=\" color:#4a4949;\" href='#'>E\u011fitim Destek Programlar\u0131 (\u015eirket i\u00e7i\/d\u0131\u015f\u0131) &gt;&gt;&gt;<\/a><span id='bg-showmore-hidden-69e898f47c9848001837766' >: \u0130\u015f hayat\u0131n\u0131n talepleri do\u011frultusunda, K\u0131sa S\u00fcreli Programlar d\u00fczenlemektedir. Bu programlar, \u00fcst ve orta d\u00fczey y\u00f6neticiler ve e\u011fitim ihtiyac\u0131 olan di\u011fer i\u015fg\u00f6renlere y\u00f6neliktir. Sahip olduklar\u0131 teorik bilgileri, \u00e7e\u015fitli sekt\u00f6rlerdeki deneyimleri ile geli\u015ftiren \u00f6\u011fretim tecr\u00fcbesi olan elemanlar\u0131m\u0131z\u0131n katk\u0131lar\u0131yla ger\u00e7ekle\u015ftirilen bu e\u011fitimler, i\u015fletmelere \u00f6zg\u00fc programlar \u015feklinde d\u00fczenlenebilmektedir.<\/span><\/span><\/li>\n<li><span style='display:inline;'><input type='hidden' bg_collapse_expand='69e898f47ca984066810187' value='69e898f47ca984066810187'><input type='hidden' id='bg-show-more-text-69e898f47ca984066810187' value='Kurumsalla\u015fma Deste\u011fi &gt;&gt;&gt;'><input type='hidden' id='bg-show-less-text-69e898f47ca984066810187' value='Kurumsalla\u015fma Deste\u011fi &lt;&lt;&lt;'><a id='bg-showmore-action-69e898f47ca984066810187' class='bg-showmore-plg-link  '  style=\" color:#4a4949;\" href='#'>Kurumsalla\u015fma Deste\u011fi &gt;&gt;&gt;<\/a><span id='bg-showmore-hidden-69e898f47ca984066810187' >: Kurumsalla\u015fma Ad\u0131mlar\u0131 \u0130\u015fletmelerin verimli olarak geli\u015fmesinin kal\u0131c\u0131 ve s\u00fcrekli olmas\u0131 kurumsalla\u015fma ad\u0131mlar\u0131n\u0131n etkin ve do\u011fru at\u0131lmas\u0131yla sa\u011flanabilir.\u00a0 Kurumsalla\u015fman\u0131n getirece\u011fi sistemin kal\u0131c\u0131 ve geli\u015fmeye a\u00e7\u0131k olmas\u0131 i\u00e7in analiz yap\u0131larak t\u00fcm geli\u015fmelerin i\u015fletme ad\u0131na de\u011fer katmas\u0131 \u00f6ncelik al\u0131n\u0131r.<\/span><\/span><\/li>\n<li><span style='display:inline;'><input type='hidden' bg_collapse_expand='69e898f47cb8e8060372148' value='69e898f47cb8e8060372148'><input type='hidden' id='bg-show-more-text-69e898f47cb8e8060372148' value='Proje ve \u0130\u015f Geli\u015ftirme Kanvas\u0131 &gt;&gt;&gt;'><input type='hidden' id='bg-show-less-text-69e898f47cb8e8060372148' value='Proje ve \u0130\u015f Geli\u015ftirme Kanvas\u0131 &lt;&lt;&lt;'><a id='bg-showmore-action-69e898f47cb8e8060372148' class='bg-showmore-plg-link  '  style=\" color:#4a4949;\" href='#'>Proje ve \u0130\u015f Geli\u015ftirme Kanvas\u0131 &gt;&gt;&gt;<\/a><span id='bg-showmore-hidden-69e898f47cb8e8060372148' >: Proje ve \u0130\u015f Modeli Geli\u015ftirme Kanvas\u0131 Dan\u0131\u015fmanl\u0131\u011f\u0131\u00a0 yeni \u00fcr\u00fcn geli\u015ftiren i\u015fletmeler i\u00e7in haz\u0131rlanmas\u0131 gereken bir modeldir.\u00a0 \u00a0M\u00fc\u015fteri Segmenti, De\u011fer \u00d6nerisi, Kanallar, M\u00fc\u015fteri \u0130li\u015fkileri, Gelir Kaynaklar\u0131, Kilit Etkinlikler, Kilit Kaynaklar, Kilit Ortaklar (\u0130\u015fbirlikleri) ve Maliyet Yap\u0131s\u0131 nas\u0131l haz\u0131rlan\u0131r? Uzman dan\u0131\u015fmanlar\u0131m\u0131z\u0131n katk\u0131lar\u0131yla model haz\u0131rlama deste\u011fi verilir.<\/span><\/span><\/li>\n<li>\n<span style='display:inline;'><input type='hidden' bg_collapse_expand='69e898f47cc8a6044931723' value='69e898f47cc8a6044931723'><input type='hidden' id='bg-show-more-text-69e898f47cc8a6044931723' value='Finansal Dan\u0131\u015fmanl\u0131k Hizmetleri &gt;&gt;&gt;'><input type='hidden' id='bg-show-less-text-69e898f47cc8a6044931723' value='Finansal Dan\u0131\u015fmanl\u0131k Hizmetleri &lt;&lt;&lt;'><a id='bg-showmore-action-69e898f47cc8a6044931723' class='bg-showmore-plg-link  '  style=\" color:#4a4949;\" href='#'>Finansal Dan\u0131\u015fmanl\u0131k Hizmetleri &gt;&gt;&gt;<\/a><span id='bg-showmore-hidden-69e898f47cc8a6044931723' >Sizlere\u00a0 dan\u0131\u015fman\u0131n\u0131z olarak, \u015firket hisselerinizi halka arz etme s\u00fcrecinde, hisse senedi sat\u0131\u015flar\u0131na do\u011frudan arac\u0131l\u0131k yapmadan ve hisse senetlerinden kar sa\u011flama kayg\u0131s\u0131 i\u00e7inde olmadan, di\u011fer bir deyi\u015fle hi\u00e7 bir \u00e7\u0131kar \u00e7at\u0131\u015fmas\u0131 olmaks\u0131z\u0131n t\u00fcm dan\u0131\u015fmanl\u0131k hizmetlerini sunabilmekteyiz. B\u00f6ylece hem hissedarlar\u0131n hem de y\u00f6netimin \u00e7\u0131karlar\u0131n\u0131 her zaman temsil edebilmekteyiz.<\/span><\/span>\n<\/li>\n<\/ul>\n\n\n<p><\/p>\n","protected":false},"excerpt":{"rendered":"<p>.<\/p>\n","protected":false},"author":1,"featured_media":0,"parent":0,"menu_order":0,"comment_status":"closed","ping_status":"closed","template":"","meta":{"footnotes":""},"class_list":["post-12","page","type-page","status-publish","hentry"],"yoast_head":"<!-- This site is optimized with the Yoast SEO plugin v22.4 - https:\/\/yoast.com\/wordpress\/plugins\/seo\/ -->\n<title>Hizmetlerimiz - INFOVALDEX CONSULTING<\/title>\n<meta name=\"robots\" content=\"index, follow, max-snippet:-1, max-image-preview:large, max-video-preview:-1\" \/>\n<link rel=\"canonical\" href=\"https:\/\/infovaldex.com.tr\/tr_tr\/hizmetlerimiz\/\" \/>\n<meta property=\"og:locale\" content=\"tr_TR\" \/>\n<meta property=\"og:type\" content=\"article\" \/>\n<meta property=\"og:title\" content=\"Hizmetlerimiz - INFOVALDEX CONSULTING\" \/>\n<meta property=\"og:description\" content=\".\" \/>\n<meta property=\"og:url\" content=\"https:\/\/infovaldex.com.tr\/tr_tr\/hizmetlerimiz\/\" \/>\n<meta property=\"og:site_name\" content=\"INFOVALDEX CONSULTING\" \/>\n<meta property=\"article:modified_time\" content=\"2020-04-03T10:06:27+00:00\" \/>\n<meta name=\"twitter:card\" content=\"summary_large_image\" \/>\n<meta name=\"twitter:label1\" content=\"Tahmini okuma s\u00fcresi\" \/>\n\t<meta name=\"twitter:data1\" content=\"6 dakika\" \/>\n<script type=\"application\/ld+json\" class=\"yoast-schema-graph\">{\"@context\":\"https:\/\/schema.org\",\"@graph\":[{\"@type\":\"WebPage\",\"@id\":\"https:\/\/infovaldex.com.tr\/en\/hizmetlerimiz\/\",\"url\":\"https:\/\/infovaldex.com.tr\/en\/hizmetlerimiz\/\",\"name\":\"Hizmetlerimiz - INFOVALDEX CONSULTING\",\"isPartOf\":{\"@id\":\"https:\/\/infovaldex.com.tr\/tr_tr\/#website\"},\"datePublished\":\"2020-02-13T13:26:50+00:00\",\"dateModified\":\"2020-04-03T10:06:27+00:00\",\"breadcrumb\":{\"@id\":\"https:\/\/infovaldex.com.tr\/en\/hizmetlerimiz\/#breadcrumb\"},\"inLanguage\":\"tr\",\"potentialAction\":[{\"@type\":\"ReadAction\",\"target\":[\"https:\/\/infovaldex.com.tr\/en\/hizmetlerimiz\/\"]}]},{\"@type\":\"BreadcrumbList\",\"@id\":\"https:\/\/infovaldex.com.tr\/en\/hizmetlerimiz\/#breadcrumb\",\"itemListElement\":[{\"@type\":\"ListItem\",\"position\":1,\"name\":\"Home\",\"item\":\"https:\/\/infovaldex.com.tr\/tr_tr\/\"},{\"@type\":\"ListItem\",\"position\":2,\"name\":\"Hizmetlerimiz\"}]},{\"@type\":\"WebSite\",\"@id\":\"https:\/\/infovaldex.com.tr\/tr_tr\/#website\",\"url\":\"https:\/\/infovaldex.com.tr\/tr_tr\/\",\"name\":\"INFOVALDEX CONSULTING\",\"description\":\"F\u0130NANSAL DANI\u015eMANLIK DE\u011eERLEME E\u011e\u0130T\u0130M VE YAZILIM ANON\u0130M \u015e\u0130RKET\u0130\",\"publisher\":{\"@id\":\"https:\/\/infovaldex.com.tr\/tr_tr\/#organization\"},\"potentialAction\":[{\"@type\":\"SearchAction\",\"target\":{\"@type\":\"EntryPoint\",\"urlTemplate\":\"https:\/\/infovaldex.com.tr\/tr_tr\/?s={search_term_string}\"},\"query-input\":\"required name=search_term_string\"}],\"inLanguage\":\"tr\"},{\"@type\":\"Organization\",\"@id\":\"https:\/\/infovaldex.com.tr\/tr_tr\/#organization\",\"name\":\"INFOVALDEX\",\"url\":\"https:\/\/infovaldex.com.tr\/tr_tr\/\",\"logo\":{\"@type\":\"ImageObject\",\"inLanguage\":\"tr\",\"@id\":\"https:\/\/infovaldex.com.tr\/tr_tr\/#\/schema\/logo\/image\/\",\"url\":\"https:\/\/infovaldex.com.tr\/wp-content\/uploads\/2020\/02\/infovaldexlogo.png\",\"contentUrl\":\"https:\/\/infovaldex.com.tr\/wp-content\/uploads\/2020\/02\/infovaldexlogo.png\",\"width\":150,\"height\":83,\"caption\":\"INFOVALDEX\"},\"image\":{\"@id\":\"https:\/\/infovaldex.com.tr\/tr_tr\/#\/schema\/logo\/image\/\"}}]}<\/script>\n<!-- \/ Yoast SEO plugin. -->","yoast_head_json":{"title":"Hizmetlerimiz - INFOVALDEX CONSULTING","robots":{"index":"index","follow":"follow","max-snippet":"max-snippet:-1","max-image-preview":"max-image-preview:large","max-video-preview":"max-video-preview:-1"},"canonical":"https:\/\/infovaldex.com.tr\/tr_tr\/hizmetlerimiz\/","og_locale":"tr_TR","og_type":"article","og_title":"Hizmetlerimiz - INFOVALDEX CONSULTING","og_description":".","og_url":"https:\/\/infovaldex.com.tr\/tr_tr\/hizmetlerimiz\/","og_site_name":"INFOVALDEX CONSULTING","article_modified_time":"2020-04-03T10:06:27+00:00","twitter_card":"summary_large_image","twitter_misc":{"Tahmini okuma s\u00fcresi":"6 dakika"},"schema":{"@context":"https:\/\/schema.org","@graph":[{"@type":"WebPage","@id":"https:\/\/infovaldex.com.tr\/en\/hizmetlerimiz\/","url":"https:\/\/infovaldex.com.tr\/en\/hizmetlerimiz\/","name":"Hizmetlerimiz - INFOVALDEX CONSULTING","isPartOf":{"@id":"https:\/\/infovaldex.com.tr\/tr_tr\/#website"},"datePublished":"2020-02-13T13:26:50+00:00","dateModified":"2020-04-03T10:06:27+00:00","breadcrumb":{"@id":"https:\/\/infovaldex.com.tr\/en\/hizmetlerimiz\/#breadcrumb"},"inLanguage":"tr","potentialAction":[{"@type":"ReadAction","target":["https:\/\/infovaldex.com.tr\/en\/hizmetlerimiz\/"]}]},{"@type":"BreadcrumbList","@id":"https:\/\/infovaldex.com.tr\/en\/hizmetlerimiz\/#breadcrumb","itemListElement":[{"@type":"ListItem","position":1,"name":"Home","item":"https:\/\/infovaldex.com.tr\/tr_tr\/"},{"@type":"ListItem","position":2,"name":"Hizmetlerimiz"}]},{"@type":"WebSite","@id":"https:\/\/infovaldex.com.tr\/tr_tr\/#website","url":"https:\/\/infovaldex.com.tr\/tr_tr\/","name":"INFOVALDEX CONSULTING","description":"F\u0130NANSAL DANI\u015eMANLIK DE\u011eERLEME E\u011e\u0130T\u0130M VE YAZILIM ANON\u0130M \u015e\u0130RKET\u0130","publisher":{"@id":"https:\/\/infovaldex.com.tr\/tr_tr\/#organization"},"potentialAction":[{"@type":"SearchAction","target":{"@type":"EntryPoint","urlTemplate":"https:\/\/infovaldex.com.tr\/tr_tr\/?s={search_term_string}"},"query-input":"required name=search_term_string"}],"inLanguage":"tr"},{"@type":"Organization","@id":"https:\/\/infovaldex.com.tr\/tr_tr\/#organization","name":"INFOVALDEX","url":"https:\/\/infovaldex.com.tr\/tr_tr\/","logo":{"@type":"ImageObject","inLanguage":"tr","@id":"https:\/\/infovaldex.com.tr\/tr_tr\/#\/schema\/logo\/image\/","url":"https:\/\/infovaldex.com.tr\/wp-content\/uploads\/2020\/02\/infovaldexlogo.png","contentUrl":"https:\/\/infovaldex.com.tr\/wp-content\/uploads\/2020\/02\/infovaldexlogo.png","width":150,"height":83,"caption":"INFOVALDEX"},"image":{"@id":"https:\/\/infovaldex.com.tr\/tr_tr\/#\/schema\/logo\/image\/"}}]}},"_links":{"self":[{"href":"https:\/\/infovaldex.com.tr\/tr_tr\/wp-json\/wp\/v2\/pages\/12","targetHints":{"allow":["GET"]}}],"collection":[{"href":"https:\/\/infovaldex.com.tr\/tr_tr\/wp-json\/wp\/v2\/pages"}],"about":[{"href":"https:\/\/infovaldex.com.tr\/tr_tr\/wp-json\/wp\/v2\/types\/page"}],"author":[{"embeddable":true,"href":"https:\/\/infovaldex.com.tr\/tr_tr\/wp-json\/wp\/v2\/users\/1"}],"replies":[{"embeddable":true,"href":"https:\/\/infovaldex.com.tr\/tr_tr\/wp-json\/wp\/v2\/comments?post=12"}],"version-history":[{"count":63,"href":"https:\/\/infovaldex.com.tr\/tr_tr\/wp-json\/wp\/v2\/pages\/12\/revisions"}],"predecessor-version":[{"id":339,"href":"https:\/\/infovaldex.com.tr\/tr_tr\/wp-json\/wp\/v2\/pages\/12\/revisions\/339"}],"wp:attachment":[{"href":"https:\/\/infovaldex.com.tr\/tr_tr\/wp-json\/wp\/v2\/media?parent=12"}],"curies":[{"name":"wp","href":"https:\/\/api.w.org\/{rel}","templated":true}]}}