{"id":11,"date":"2020-02-13T16:26:50","date_gmt":"2020-02-13T13:26:50","guid":{"rendered":"http:\/\/infovaldex.com.tr\/?page_id=11"},"modified":"2020-04-10T16:55:14","modified_gmt":"2020-04-10T13:55:14","slug":"infovaldex-consulting-yonetim-danismanligi-ve-egitim","status":"publish","type":"page","link":"https:\/\/infovaldex.com.tr\/tr_tr\/","title":{"rendered":"Infovaldex"},"content":{"rendered":"\n<div class=\"wp-block-group\"><div class=\"wp-block-group__inner-container is-layout-flow wp-block-group-is-layout-flow\">\n<p><strong>INFOVALDEX CONSULTING<\/strong>, deneyimli akademik uzmanlardan olu\u015fan kadrosu, end\u00fcstriyel deneyimi ve kaliteli hizmet kapasitesiyle \u00e7\u00f6z\u00fcm orta\u011f\u0131 oldu\u011fu firmalar\u0131n ihtiya\u00e7lar\u0131 do\u011frultusunda t\u00fcm faaliyetlerini en etkin ve verimli bir \u015fekilde ger\u00e7ekle\u015ftirebilmek i\u00e7in dan\u0131\u015fmanl\u0131k ve e\u011fitim hizmetleri vermekte, s\u00fcrd\u00fcr\u00fclebilir bir kalk\u0131nma modeli olu\u015fturmaktad\u0131r. <\/p>\n\n\n\n<p><\/p>\n\n\n\n<p> <\/p>\n<\/div><\/div>\n\n\n\n<div class=\"wp-block-group\"><div class=\"wp-block-group__inner-container is-layout-flow wp-block-group-is-layout-flow\">\n<div class=\"wp-block-group\"><div class=\"wp-block-group__inner-container is-layout-flow wp-block-group-is-layout-flow\">\n<div class=\"wp-block-columns is-layout-flex wp-container-core-columns-is-layout-9d6595d7 wp-block-columns-is-layout-flex\">\n<div class=\"wp-block-column is-layout-flow wp-block-column-is-layout-flow\">\n<p class=\"has-text-align-left\"><strong>Y\u00f6netim Dan\u0131\u015fmanl\u0131\u011f\u0131 <\/strong><\/p>\n\n\n\n<p>Kurumsalla\u015fma Ad\u0131mlar\u0131<\/p>\n\n\n\n<p>Aile S\u00f6zle\u015fmeleri<\/p>\n\n\n\n<p>Firma Re-organizasyonu<\/p>\n\n\n\n<p class=\"has-text-align-left\">Proje ve \u0130\u015f Modeli Geli\u015ftirme Kanvas\u0131<\/p>\n\n\n\n<p>Proje Destek Modelleri<\/p>\n<\/div>\n\n\n\n<div class=\"wp-block-column is-vertically-aligned-top is-layout-flow wp-block-column-is-layout-flow\">\n<p><strong>Firma De\u011ferleme Hizmetleri <\/strong><\/p>\n\n\n\n<p>Finansal Dan\u0131\u015fmanl\u0131k Hizmetleri<\/p>\n\n\n\n<p>Mali Yap\u0131 Re-organizasyonu<\/p>\n\n\n\n<p>Firma Raporlamalar\u0131<\/p>\n\n\n\n<p>Uluslararas\u0131 Finansal Raporlama Standartlar\u0131<\/p>\n\n\n\n<p>\u015eirket Sat\u0131n Al\u0131mlar\u0131 ve Birle\u015fmeleri<\/p>\n<\/div>\n\n\n\n<div class=\"wp-block-column is-layout-flow wp-block-column-is-layout-flow\">\n<p><strong>\u015eirket \u0130\u00e7i E\u011fitimler<\/strong><\/p>\n\n\n\n<p>Y\u00f6netim Geli\u015fim E\u011fitimleri<\/p>\n\n\n\n<p>Yetkinlik Geli\u015fim E\u011fitimleri<\/p>\n\n\n\n<p>Dijital ve Sosyal Medya Pazarlama<\/p>\n<\/div>\n<\/div>\n\n\n\n<div class=\"wp-block-group\"><div class=\"wp-block-group__inner-container is-layout-flow wp-block-group-is-layout-flow\">\n<p>Destek programlar\u0131yla &#8220;<strong>m\u00fc\u015fteri odakl\u0131<\/strong>&#8221; y\u00f6netimsel \u00e7\u00f6z\u00fcmler sunan gen\u00e7, dinamik, yenilik\u00e7i ve \u00f6nc\u00fc bir \u015firkettir. <\/p>\n<\/div><\/div>\n<\/div><\/div>\n<\/div><\/div>\n","protected":false},"excerpt":{"rendered":"","protected":false},"author":1,"featured_media":0,"parent":0,"menu_order":0,"comment_status":"closed","ping_status":"closed","template":"","meta":{"footnotes":""},"class_list":["post-11","page","type-page","status-publish","hentry"],"yoast_head":"<!-- This site is optimized with the Yoast SEO plugin v22.4 - https:\/\/yoast.com\/wordpress\/plugins\/seo\/ -->\n<title>Infovaldex - INFOVALDEX CONSULTING F\u0130NANSAL DANI\u015eMANLIK DE\u011eERLEME E\u011e\u0130T\u0130M VE YAZILIM ANON\u0130M \u015e\u0130RKET\u0130 %<\/title>\n<meta name=\"description\" content=\"Deneyimli akademik uzmanlardan olu\u015fan kadrosu ve kaliteli hizmet kapasitesiyle INFOVALDEX CONSULTING Kurumsal Finansman, Firma De\u011ferleme Hizmetleri, \u015eirket Sat\u0131n Al\u0131m ve Birle\u015fmeleri, Mali Yap\u0131 Re-organizasyonu, Y\u00f6netim Dan\u0131\u015fmanl\u0131\u011f\u0131, Firma Raporlamalar\u0131 ve \u015eirket i\u00e7i E\u011fitim Destek programlar\u0131yla m\u00fc\u015fteri odakl\u0131 y\u00f6netimsel \u00e7\u00f6z\u00fcmler sunan gen\u00e7, dinamik, yenilik\u00e7i ve \u00f6nc\u00fc bir \u015firkettir.\" \/>\n<meta name=\"robots\" content=\"index, follow, max-snippet:-1, max-image-preview:large, max-video-preview:-1\" \/>\n<link rel=\"canonical\" href=\"https:\/\/infovaldex.com.tr\/tr_tr\/\" \/>\n<meta property=\"og:locale\" content=\"tr_TR\" \/>\n<meta property=\"og:type\" content=\"article\" \/>\n<meta property=\"og:title\" content=\"Infovaldex - INFOVALDEX CONSULTING F\u0130NANSAL DANI\u015eMANLIK DE\u011eERLEME E\u011e\u0130T\u0130M VE YAZILIM ANON\u0130M \u015e\u0130RKET\u0130 %\" \/>\n<meta property=\"og:description\" content=\"Deneyimli akademik uzmanlardan olu\u015fan kadrosu ve kaliteli hizmet kapasitesiyle INFOVALDEX CONSULTING Kurumsal Finansman, Firma De\u011ferleme Hizmetleri, \u015eirket Sat\u0131n Al\u0131m ve Birle\u015fmeleri, Mali Yap\u0131 Re-organizasyonu, Y\u00f6netim Dan\u0131\u015fmanl\u0131\u011f\u0131, Firma Raporlamalar\u0131 ve \u015eirket i\u00e7i E\u011fitim Destek programlar\u0131yla m\u00fc\u015fteri odakl\u0131 y\u00f6netimsel \u00e7\u00f6z\u00fcmler sunan gen\u00e7, dinamik, yenilik\u00e7i ve \u00f6nc\u00fc bir \u015firkettir.\" \/>\n<meta property=\"og:url\" content=\"https:\/\/infovaldex.com.tr\/tr_tr\/\" \/>\n<meta property=\"og:site_name\" content=\"INFOVALDEX CONSULTING\" \/>\n<meta property=\"article:modified_time\" content=\"2020-04-10T13:55:14+00:00\" \/>\n<meta name=\"twitter:card\" content=\"summary_large_image\" \/>\n<script type=\"application\/ld+json\" class=\"yoast-schema-graph\">{\"@context\":\"https:\/\/schema.org\",\"@graph\":[{\"@type\":\"WebPage\",\"@id\":\"https:\/\/infovaldex.com.tr\/tr_tr\/\",\"url\":\"https:\/\/infovaldex.com.tr\/tr_tr\/\",\"name\":\"Infovaldex - INFOVALDEX CONSULTING F\u0130NANSAL DANI\u015eMANLIK DE\u011eERLEME E\u011e\u0130T\u0130M VE YAZILIM ANON\u0130M \u015e\u0130RKET\u0130 %\",\"isPartOf\":{\"@id\":\"https:\/\/infovaldex.com.tr\/tr_tr\/#website\"},\"datePublished\":\"2020-02-13T13:26:50+00:00\",\"dateModified\":\"2020-04-10T13:55:14+00:00\",\"description\":\"Deneyimli akademik uzmanlardan olu\u015fan kadrosu ve kaliteli hizmet kapasitesiyle INFOVALDEX CONSULTING Kurumsal Finansman, Firma De\u011ferleme Hizmetleri, \u015eirket Sat\u0131n Al\u0131m ve Birle\u015fmeleri, Mali Yap\u0131 Re-organizasyonu, Y\u00f6netim Dan\u0131\u015fmanl\u0131\u011f\u0131, Firma Raporlamalar\u0131 ve \u015eirket i\u00e7i E\u011fitim Destek programlar\u0131yla m\u00fc\u015fteri odakl\u0131 y\u00f6netimsel \u00e7\u00f6z\u00fcmler sunan gen\u00e7, dinamik, yenilik\u00e7i ve \u00f6nc\u00fc bir \u015firkettir.\",\"breadcrumb\":{\"@id\":\"https:\/\/infovaldex.com.tr\/tr_tr\/#breadcrumb\"},\"inLanguage\":\"tr\",\"potentialAction\":[{\"@type\":\"ReadAction\",\"target\":[\"https:\/\/infovaldex.com.tr\/tr_tr\/\"]}]},{\"@type\":\"BreadcrumbList\",\"@id\":\"https:\/\/infovaldex.com.tr\/tr_tr\/#breadcrumb\",\"itemListElement\":[{\"@type\":\"ListItem\",\"position\":1,\"name\":\"Home\",\"item\":\"https:\/\/infovaldex.com.tr\/tr_tr\/\"},{\"@type\":\"ListItem\",\"position\":2,\"name\":\"Infovaldex\"}]},{\"@type\":\"WebSite\",\"@id\":\"https:\/\/infovaldex.com.tr\/tr_tr\/#website\",\"url\":\"https:\/\/infovaldex.com.tr\/tr_tr\/\",\"name\":\"INFOVALDEX CONSULTING\",\"description\":\"F\u0130NANSAL DANI\u015eMANLIK DE\u011eERLEME E\u011e\u0130T\u0130M VE YAZILIM ANON\u0130M \u015e\u0130RKET\u0130\",\"publisher\":{\"@id\":\"https:\/\/infovaldex.com.tr\/tr_tr\/#organization\"},\"potentialAction\":[{\"@type\":\"SearchAction\",\"target\":{\"@type\":\"EntryPoint\",\"urlTemplate\":\"https:\/\/infovaldex.com.tr\/tr_tr\/?s={search_term_string}\"},\"query-input\":\"required name=search_term_string\"}],\"inLanguage\":\"tr\"},{\"@type\":\"Organization\",\"@id\":\"https:\/\/infovaldex.com.tr\/tr_tr\/#organization\",\"name\":\"INFOVALDEX\",\"url\":\"https:\/\/infovaldex.com.tr\/tr_tr\/\",\"logo\":{\"@type\":\"ImageObject\",\"inLanguage\":\"tr\",\"@id\":\"https:\/\/infovaldex.com.tr\/tr_tr\/#\/schema\/logo\/image\/\",\"url\":\"https:\/\/infovaldex.com.tr\/wp-content\/uploads\/2020\/02\/infovaldexlogo.png\",\"contentUrl\":\"https:\/\/infovaldex.com.tr\/wp-content\/uploads\/2020\/02\/infovaldexlogo.png\",\"width\":150,\"height\":83,\"caption\":\"INFOVALDEX\"},\"image\":{\"@id\":\"https:\/\/infovaldex.com.tr\/tr_tr\/#\/schema\/logo\/image\/\"}}]}<\/script>\n<!-- \/ Yoast SEO plugin. -->","yoast_head_json":{"title":"Infovaldex - INFOVALDEX CONSULTING F\u0130NANSAL DANI\u015eMANLIK DE\u011eERLEME E\u011e\u0130T\u0130M VE YAZILIM ANON\u0130M \u015e\u0130RKET\u0130 %","description":"Deneyimli akademik uzmanlardan olu\u015fan kadrosu ve kaliteli hizmet kapasitesiyle INFOVALDEX CONSULTING Kurumsal Finansman, Firma De\u011ferleme Hizmetleri, \u015eirket Sat\u0131n Al\u0131m ve Birle\u015fmeleri, Mali Yap\u0131 Re-organizasyonu, Y\u00f6netim Dan\u0131\u015fmanl\u0131\u011f\u0131, Firma Raporlamalar\u0131 ve \u015eirket i\u00e7i E\u011fitim Destek programlar\u0131yla m\u00fc\u015fteri odakl\u0131 y\u00f6netimsel \u00e7\u00f6z\u00fcmler sunan gen\u00e7, dinamik, yenilik\u00e7i ve \u00f6nc\u00fc bir \u015firkettir.","robots":{"index":"index","follow":"follow","max-snippet":"max-snippet:-1","max-image-preview":"max-image-preview:large","max-video-preview":"max-video-preview:-1"},"canonical":"https:\/\/infovaldex.com.tr\/tr_tr\/","og_locale":"tr_TR","og_type":"article","og_title":"Infovaldex - INFOVALDEX CONSULTING F\u0130NANSAL DANI\u015eMANLIK DE\u011eERLEME E\u011e\u0130T\u0130M VE YAZILIM ANON\u0130M \u015e\u0130RKET\u0130 %","og_description":"Deneyimli akademik uzmanlardan olu\u015fan kadrosu ve kaliteli hizmet kapasitesiyle INFOVALDEX CONSULTING Kurumsal Finansman, Firma De\u011ferleme Hizmetleri, \u015eirket Sat\u0131n Al\u0131m ve Birle\u015fmeleri, Mali Yap\u0131 Re-organizasyonu, Y\u00f6netim Dan\u0131\u015fmanl\u0131\u011f\u0131, Firma Raporlamalar\u0131 ve \u015eirket i\u00e7i E\u011fitim Destek programlar\u0131yla m\u00fc\u015fteri odakl\u0131 y\u00f6netimsel \u00e7\u00f6z\u00fcmler sunan gen\u00e7, dinamik, yenilik\u00e7i ve \u00f6nc\u00fc bir \u015firkettir.","og_url":"https:\/\/infovaldex.com.tr\/tr_tr\/","og_site_name":"INFOVALDEX CONSULTING","article_modified_time":"2020-04-10T13:55:14+00:00","twitter_card":"summary_large_image","schema":{"@context":"https:\/\/schema.org","@graph":[{"@type":"WebPage","@id":"https:\/\/infovaldex.com.tr\/tr_tr\/","url":"https:\/\/infovaldex.com.tr\/tr_tr\/","name":"Infovaldex - INFOVALDEX CONSULTING F\u0130NANSAL DANI\u015eMANLIK DE\u011eERLEME E\u011e\u0130T\u0130M VE YAZILIM ANON\u0130M \u015e\u0130RKET\u0130 %","isPartOf":{"@id":"https:\/\/infovaldex.com.tr\/tr_tr\/#website"},"datePublished":"2020-02-13T13:26:50+00:00","dateModified":"2020-04-10T13:55:14+00:00","description":"Deneyimli akademik uzmanlardan olu\u015fan kadrosu ve kaliteli hizmet kapasitesiyle INFOVALDEX CONSULTING Kurumsal Finansman, Firma De\u011ferleme Hizmetleri, \u015eirket Sat\u0131n Al\u0131m ve Birle\u015fmeleri, Mali Yap\u0131 Re-organizasyonu, Y\u00f6netim Dan\u0131\u015fmanl\u0131\u011f\u0131, Firma Raporlamalar\u0131 ve \u015eirket i\u00e7i E\u011fitim Destek programlar\u0131yla m\u00fc\u015fteri odakl\u0131 y\u00f6netimsel \u00e7\u00f6z\u00fcmler sunan gen\u00e7, dinamik, yenilik\u00e7i ve \u00f6nc\u00fc bir \u015firkettir.","breadcrumb":{"@id":"https:\/\/infovaldex.com.tr\/tr_tr\/#breadcrumb"},"inLanguage":"tr","potentialAction":[{"@type":"ReadAction","target":["https:\/\/infovaldex.com.tr\/tr_tr\/"]}]},{"@type":"BreadcrumbList","@id":"https:\/\/infovaldex.com.tr\/tr_tr\/#breadcrumb","itemListElement":[{"@type":"ListItem","position":1,"name":"Home","item":"https:\/\/infovaldex.com.tr\/tr_tr\/"},{"@type":"ListItem","position":2,"name":"Infovaldex"}]},{"@type":"WebSite","@id":"https:\/\/infovaldex.com.tr\/tr_tr\/#website","url":"https:\/\/infovaldex.com.tr\/tr_tr\/","name":"INFOVALDEX CONSULTING","description":"F\u0130NANSAL DANI\u015eMANLIK DE\u011eERLEME E\u011e\u0130T\u0130M VE YAZILIM ANON\u0130M \u015e\u0130RKET\u0130","publisher":{"@id":"https:\/\/infovaldex.com.tr\/tr_tr\/#organization"},"potentialAction":[{"@type":"SearchAction","target":{"@type":"EntryPoint","urlTemplate":"https:\/\/infovaldex.com.tr\/tr_tr\/?s={search_term_string}"},"query-input":"required name=search_term_string"}],"inLanguage":"tr"},{"@type":"Organization","@id":"https:\/\/infovaldex.com.tr\/tr_tr\/#organization","name":"INFOVALDEX","url":"https:\/\/infovaldex.com.tr\/tr_tr\/","logo":{"@type":"ImageObject","inLanguage":"tr","@id":"https:\/\/infovaldex.com.tr\/tr_tr\/#\/schema\/logo\/image\/","url":"https:\/\/infovaldex.com.tr\/wp-content\/uploads\/2020\/02\/infovaldexlogo.png","contentUrl":"https:\/\/infovaldex.com.tr\/wp-content\/uploads\/2020\/02\/infovaldexlogo.png","width":150,"height":83,"caption":"INFOVALDEX"},"image":{"@id":"https:\/\/infovaldex.com.tr\/tr_tr\/#\/schema\/logo\/image\/"}}]}},"_links":{"self":[{"href":"https:\/\/infovaldex.com.tr\/tr_tr\/wp-json\/wp\/v2\/pages\/11","targetHints":{"allow":["GET"]}}],"collection":[{"href":"https:\/\/infovaldex.com.tr\/tr_tr\/wp-json\/wp\/v2\/pages"}],"about":[{"href":"https:\/\/infovaldex.com.tr\/tr_tr\/wp-json\/wp\/v2\/types\/page"}],"author":[{"embeddable":true,"href":"https:\/\/infovaldex.com.tr\/tr_tr\/wp-json\/wp\/v2\/users\/1"}],"replies":[{"embeddable":true,"href":"https:\/\/infovaldex.com.tr\/tr_tr\/wp-json\/wp\/v2\/comments?post=11"}],"version-history":[{"count":16,"href":"https:\/\/infovaldex.com.tr\/tr_tr\/wp-json\/wp\/v2\/pages\/11\/revisions"}],"predecessor-version":[{"id":208,"href":"https:\/\/infovaldex.com.tr\/tr_tr\/wp-json\/wp\/v2\/pages\/11\/revisions\/208"}],"wp:attachment":[{"href":"https:\/\/infovaldex.com.tr\/tr_tr\/wp-json\/wp\/v2\/media?parent=11"}],"curies":[{"name":"wp","href":"https:\/\/api.w.org\/{rel}","templated":true}]}}