{"id":14,"date":"2020-02-13T16:26:50","date_gmt":"2020-02-13T13:26:50","guid":{"rendered":"http:\/\/infovaldex.com.tr\/?page_id=14"},"modified":"2020-06-11T19:00:03","modified_gmt":"2020-06-11T16:00:03","slug":"hakkimizda","status":"publish","type":"page","link":"https:\/\/infovaldex.com.tr\/en\/hakkimizda\/","title":{"rendered":"About Us"},"content":{"rendered":"<p class=\" translation-block\"><strong>INFOVALDEX CONSULTING<\/strong> was founded in 2016 at the Istanbul University Avc\u0131lar Campus Technocity building. As an independent financial consultancy firm, INFOVALDEX CONSULTING operates in the fields of Internal Training Programs as well as Financial and Management Consultancy services.<\/p>\n\n\n\n<p><strong>OUR MISSION:<\/strong><\/p>\n\n\n\n<p>Adding value to our business partners in the process of development with our knowledge and experience in national and international markets in line with their needs, increasing their productivity, supporting their institutionalization steps and being a service partner in their permanent and sustainable development.<\/p>\n\n\n\n<p><strong>OUR VISION:<\/strong><\/p>\n\n\n\n<p>To be the first company that comes to mind in the field of consultancy and education.<\/p>\n\n\n\n<p><strong>OUR STRATEGY:<\/strong><\/p>\n\n\n\n<p>To achieve our goals with our working principles and management experiences and to ensure that our success is permanent and sustainable.<\/p>\n\n\n\n<p><strong>CUSTOMER FOCUS:<\/strong><\/p>\n\n\n\n<p>\"Customer\nfocused solution\u201d is the only option for INFOVALDEX CONSULTING.<\/p>\n\n\n\n<p><strong>EXPERTISE:<\/strong><\/p>\n\n\n\n<p>Our staff consisting academicians\nand experts are in common awareness during the solution process.<\/p>","protected":false},"excerpt":{"rendered":"<p>INFOVALDEX CONSULTING, 2016 y\u0131l\u0131nda \u0130stanbul \u00dcniversitesi Avc\u0131lar Kamp\u00fcs\u00fc Teknokent binas\u0131nda kurulmu\u015ftur. Ba\u011f\u0131ms\u0131z bir finansal dan\u0131\u015fmanl\u0131k firmas\u0131 olarak kurulan INFOVALDEX CONSULTING, Finansal ve Y\u00f6netimsel Dan\u0131\u015fmanl\u0131k hizmetlerinin yan\u0131s\u0131ra \u015eirket \u0130\u00e7i E\u011fitim Programlar\u0131 alanlar\u0131nda da faaliyet g\u00f6stermektedir. M\u0130SYONUMUZ: Ulusal ve uluslararas\u0131 piyasalar hakk\u0131ndaki bilgi ve tecr\u00fcbelerimizle geli\u015fim s\u00fcrecinde olan i\u015f ortaklar\u0131m\u0131za ihtiya\u00e7lar\u0131 do\u011frultusunda de\u011fer katmak, verimliliklerini art\u0131rmak, kurumsalla\u015fma [&hellip;]<\/p>","protected":false},"author":1,"featured_media":0,"parent":0,"menu_order":0,"comment_status":"closed","ping_status":"closed","template":"","meta":{"footnotes":""},"class_list":["post-14","page","type-page","status-publish","hentry"],"yoast_head":"<!-- This site is optimized with the Yoast SEO plugin v22.4 - https:\/\/yoast.com\/wordpress\/plugins\/seo\/ -->\n<title>Hakk\u0131m\u0131zda - INFOVALDEX CONSULTING<\/title>\n<meta name=\"robots\" content=\"index, follow, max-snippet:-1, max-image-preview:large, max-video-preview:-1\" \/>\n<link rel=\"canonical\" href=\"https:\/\/infovaldex.com.tr\/en\/hakkimizda\/\" \/>\n<meta property=\"og:locale\" content=\"en_GB\" \/>\n<meta property=\"og:type\" content=\"article\" \/>\n<meta property=\"og:title\" content=\"Hakk\u0131m\u0131zda - INFOVALDEX CONSULTING\" \/>\n<meta property=\"og:description\" content=\"INFOVALDEX CONSULTING, 2016 y\u0131l\u0131nda \u0130stanbul \u00dcniversitesi Avc\u0131lar Kamp\u00fcs\u00fc Teknokent binas\u0131nda kurulmu\u015ftur. Ba\u011f\u0131ms\u0131z bir finansal dan\u0131\u015fmanl\u0131k firmas\u0131 olarak kurulan INFOVALDEX CONSULTING, Finansal ve Y\u00f6netimsel Dan\u0131\u015fmanl\u0131k hizmetlerinin yan\u0131s\u0131ra \u015eirket \u0130\u00e7i E\u011fitim Programlar\u0131 alanlar\u0131nda da faaliyet g\u00f6stermektedir. M\u0130SYONUMUZ: Ulusal ve uluslararas\u0131 piyasalar hakk\u0131ndaki bilgi ve tecr\u00fcbelerimizle geli\u015fim s\u00fcrecinde olan i\u015f ortaklar\u0131m\u0131za ihtiya\u00e7lar\u0131 do\u011frultusunda de\u011fer katmak, verimliliklerini art\u0131rmak, kurumsalla\u015fma [&hellip;]\" \/>\n<meta property=\"og:url\" content=\"https:\/\/infovaldex.com.tr\/en\/hakkimizda\/\" \/>\n<meta property=\"og:site_name\" content=\"INFOVALDEX CONSULTING\" \/>\n<meta property=\"article:modified_time\" content=\"2020-06-11T16:00:03+00:00\" \/>\n<meta name=\"twitter:card\" content=\"summary_large_image\" \/>\n<meta name=\"twitter:label1\" content=\"Estimated reading time\" \/>\n\t<meta name=\"twitter:data1\" content=\"1 minute\" \/>\n<script type=\"application\/ld+json\" class=\"yoast-schema-graph\">{\"@context\":\"https:\/\/schema.org\",\"@graph\":[{\"@type\":\"WebPage\",\"@id\":\"https:\/\/infovaldex.com.tr\/tr_tr\/hakkimizda\/\",\"url\":\"https:\/\/infovaldex.com.tr\/tr_tr\/hakkimizda\/\",\"name\":\"Hakk\u0131m\u0131zda - INFOVALDEX CONSULTING\",\"isPartOf\":{\"@id\":\"https:\/\/infovaldex.com.tr\/tr_tr\/#website\"},\"datePublished\":\"2020-02-13T13:26:50+00:00\",\"dateModified\":\"2020-06-11T16:00:03+00:00\",\"breadcrumb\":{\"@id\":\"https:\/\/infovaldex.com.tr\/tr_tr\/hakkimizda\/#breadcrumb\"},\"inLanguage\":\"en-GB\",\"potentialAction\":[{\"@type\":\"ReadAction\",\"target\":[\"https:\/\/infovaldex.com.tr\/tr_tr\/hakkimizda\/\"]}]},{\"@type\":\"BreadcrumbList\",\"@id\":\"https:\/\/infovaldex.com.tr\/tr_tr\/hakkimizda\/#breadcrumb\",\"itemListElement\":[{\"@type\":\"ListItem\",\"position\":1,\"name\":\"Home\",\"item\":\"https:\/\/infovaldex.com.tr\/tr_tr\/\"},{\"@type\":\"ListItem\",\"position\":2,\"name\":\"Hakk\u0131m\u0131zda\"}]},{\"@type\":\"WebSite\",\"@id\":\"https:\/\/infovaldex.com.tr\/tr_tr\/#website\",\"url\":\"https:\/\/infovaldex.com.tr\/tr_tr\/\",\"name\":\"INFOVALDEX CONSULTING\",\"description\":\"F\u0130NANSAL DANI\u015eMANLIK DE\u011eERLEME E\u011e\u0130T\u0130M VE YAZILIM ANON\u0130M \u015e\u0130RKET\u0130\",\"publisher\":{\"@id\":\"https:\/\/infovaldex.com.tr\/tr_tr\/#organization\"},\"potentialAction\":[{\"@type\":\"SearchAction\",\"target\":{\"@type\":\"EntryPoint\",\"urlTemplate\":\"https:\/\/infovaldex.com.tr\/tr_tr\/?s={search_term_string}\"},\"query-input\":\"required name=search_term_string\"}],\"inLanguage\":\"en-GB\"},{\"@type\":\"Organization\",\"@id\":\"https:\/\/infovaldex.com.tr\/tr_tr\/#organization\",\"name\":\"INFOVALDEX\",\"url\":\"https:\/\/infovaldex.com.tr\/tr_tr\/\",\"logo\":{\"@type\":\"ImageObject\",\"inLanguage\":\"en-GB\",\"@id\":\"https:\/\/infovaldex.com.tr\/tr_tr\/#\/schema\/logo\/image\/\",\"url\":\"https:\/\/infovaldex.com.tr\/wp-content\/uploads\/2020\/02\/infovaldexlogo.png\",\"contentUrl\":\"https:\/\/infovaldex.com.tr\/wp-content\/uploads\/2020\/02\/infovaldexlogo.png\",\"width\":150,\"height\":83,\"caption\":\"INFOVALDEX\"},\"image\":{\"@id\":\"https:\/\/infovaldex.com.tr\/tr_tr\/#\/schema\/logo\/image\/\"}}]}<\/script>\n<!-- \/ Yoast SEO plugin. -->","yoast_head_json":{"title":"Hakk\u0131m\u0131zda - INFOVALDEX CONSULTING","robots":{"index":"index","follow":"follow","max-snippet":"max-snippet:-1","max-image-preview":"max-image-preview:large","max-video-preview":"max-video-preview:-1"},"canonical":"https:\/\/infovaldex.com.tr\/en\/hakkimizda\/","og_locale":"en_GB","og_type":"article","og_title":"Hakk\u0131m\u0131zda - INFOVALDEX CONSULTING","og_description":"INFOVALDEX CONSULTING, 2016 y\u0131l\u0131nda \u0130stanbul \u00dcniversitesi Avc\u0131lar Kamp\u00fcs\u00fc Teknokent binas\u0131nda kurulmu\u015ftur. Ba\u011f\u0131ms\u0131z bir finansal dan\u0131\u015fmanl\u0131k firmas\u0131 olarak kurulan INFOVALDEX CONSULTING, Finansal ve Y\u00f6netimsel Dan\u0131\u015fmanl\u0131k hizmetlerinin yan\u0131s\u0131ra \u015eirket \u0130\u00e7i E\u011fitim Programlar\u0131 alanlar\u0131nda da faaliyet g\u00f6stermektedir. M\u0130SYONUMUZ: Ulusal ve uluslararas\u0131 piyasalar hakk\u0131ndaki bilgi ve tecr\u00fcbelerimizle geli\u015fim s\u00fcrecinde olan i\u015f ortaklar\u0131m\u0131za ihtiya\u00e7lar\u0131 do\u011frultusunda de\u011fer katmak, verimliliklerini art\u0131rmak, kurumsalla\u015fma [&hellip;]","og_url":"https:\/\/infovaldex.com.tr\/en\/hakkimizda\/","og_site_name":"INFOVALDEX CONSULTING","article_modified_time":"2020-06-11T16:00:03+00:00","twitter_card":"summary_large_image","twitter_misc":{"Estimated reading time":"1 minute"},"schema":{"@context":"https:\/\/schema.org","@graph":[{"@type":"WebPage","@id":"https:\/\/infovaldex.com.tr\/tr_tr\/hakkimizda\/","url":"https:\/\/infovaldex.com.tr\/tr_tr\/hakkimizda\/","name":"Hakk\u0131m\u0131zda - INFOVALDEX CONSULTING","isPartOf":{"@id":"https:\/\/infovaldex.com.tr\/tr_tr\/#website"},"datePublished":"2020-02-13T13:26:50+00:00","dateModified":"2020-06-11T16:00:03+00:00","breadcrumb":{"@id":"https:\/\/infovaldex.com.tr\/tr_tr\/hakkimizda\/#breadcrumb"},"inLanguage":"en-GB","potentialAction":[{"@type":"ReadAction","target":["https:\/\/infovaldex.com.tr\/tr_tr\/hakkimizda\/"]}]},{"@type":"BreadcrumbList","@id":"https:\/\/infovaldex.com.tr\/tr_tr\/hakkimizda\/#breadcrumb","itemListElement":[{"@type":"ListItem","position":1,"name":"Home","item":"https:\/\/infovaldex.com.tr\/tr_tr\/"},{"@type":"ListItem","position":2,"name":"Hakk\u0131m\u0131zda"}]},{"@type":"WebSite","@id":"https:\/\/infovaldex.com.tr\/tr_tr\/#website","url":"https:\/\/infovaldex.com.tr\/tr_tr\/","name":"INFOVALDEX CONSULTING","description":"F\u0130NANSAL DANI\u015eMANLIK DE\u011eERLEME E\u011e\u0130T\u0130M VE YAZILIM ANON\u0130M \u015e\u0130RKET\u0130","publisher":{"@id":"https:\/\/infovaldex.com.tr\/tr_tr\/#organization"},"potentialAction":[{"@type":"SearchAction","target":{"@type":"EntryPoint","urlTemplate":"https:\/\/infovaldex.com.tr\/tr_tr\/?s={search_term_string}"},"query-input":"required name=search_term_string"}],"inLanguage":"en-GB"},{"@type":"Organization","@id":"https:\/\/infovaldex.com.tr\/tr_tr\/#organization","name":"INFOVALDEX","url":"https:\/\/infovaldex.com.tr\/tr_tr\/","logo":{"@type":"ImageObject","inLanguage":"en-GB","@id":"https:\/\/infovaldex.com.tr\/tr_tr\/#\/schema\/logo\/image\/","url":"https:\/\/infovaldex.com.tr\/wp-content\/uploads\/2020\/02\/infovaldexlogo.png","contentUrl":"https:\/\/infovaldex.com.tr\/wp-content\/uploads\/2020\/02\/infovaldexlogo.png","width":150,"height":83,"caption":"INFOVALDEX"},"image":{"@id":"https:\/\/infovaldex.com.tr\/tr_tr\/#\/schema\/logo\/image\/"}}]}},"_links":{"self":[{"href":"https:\/\/infovaldex.com.tr\/en\/wp-json\/wp\/v2\/pages\/14","targetHints":{"allow":["GET"]}}],"collection":[{"href":"https:\/\/infovaldex.com.tr\/en\/wp-json\/wp\/v2\/pages"}],"about":[{"href":"https:\/\/infovaldex.com.tr\/en\/wp-json\/wp\/v2\/types\/page"}],"author":[{"embeddable":true,"href":"https:\/\/infovaldex.com.tr\/en\/wp-json\/wp\/v2\/users\/1"}],"replies":[{"embeddable":true,"href":"https:\/\/infovaldex.com.tr\/en\/wp-json\/wp\/v2\/comments?post=14"}],"version-history":[{"count":19,"href":"https:\/\/infovaldex.com.tr\/en\/wp-json\/wp\/v2\/pages\/14\/revisions"}],"predecessor-version":[{"id":376,"href":"https:\/\/infovaldex.com.tr\/en\/wp-json\/wp\/v2\/pages\/14\/revisions\/376"}],"wp:attachment":[{"href":"https:\/\/infovaldex.com.tr\/en\/wp-json\/wp\/v2\/media?parent=14"}],"curies":[{"name":"wp","href":"https:\/\/api.w.org\/{rel}","templated":true}]}}