{"id":13,"date":"2020-02-13T16:26:50","date_gmt":"2020-02-13T13:26:50","guid":{"rendered":"http:\/\/infovaldex.com.tr\/?page_id=13"},"modified":"2022-06-25T14:52:39","modified_gmt":"2022-06-25T11:52:39","slug":"iletisim","status":"publish","type":"page","link":"https:\/\/infovaldex.com.tr\/en\/iletisim\/","title":{"rendered":"Contact Us"},"content":{"rendered":"<p class=\" translation-block\"><strong>INFOVALDEX CONSULTING<\/strong> Financial Consulting Valuation Training and Software Company<\/p>\n\n\n\n<p>Yesilkoy Mah. Ataturk Cad.  World Trade Center EGS Business Park. Blok: 12 No: 8 Bakirkoy \/ ISTANBUL                             <\/p>\n\n\n\n<p>Tel: +90 553 691 60 09<\/p>\n\n\n\n<p>E-mail: info@infovaldex.com.tr<\/p>\n\n\n\n<ul class=\"wp-block-social-links is-layout-flex wp-block-social-links-is-layout-flex\"><li class=\"wp-social-link wp-social-link-instagram  wp-block-social-link\"><a href=\"https:\/\/www.instagram.com\/infovaldex\/\" class=\"wp-block-social-link-anchor\"><svg width=\"24\" height=\"24\" viewbox=\"0 0 24 24\" version=\"1.1\" xmlns=\"http:\/\/www.w3.org\/2000\/svg\" aria-hidden=\"true\" focusable=\"false\"><path d=\"M12,4.622c2.403,0,2.688,0.009,3.637,0.052c0.877,0.04,1.354,0.187,1.671,0.31c0.42,0.163,0.72,0.358,1.035,0.673 c0.315,0.315,0.51,0.615,0.673,1.035c0.123,0.317,0.27,0.794,0.31,1.671c0.043,0.949,0.052,1.234,0.052,3.637 s-0.009,2.688-0.052,3.637c-0.04,0.877-0.187,1.354-0.31,1.671c-0.163,0.42-0.358,0.72-0.673,1.035 c-0.315,0.315-0.615,0.51-1.035,0.673c-0.317,0.123-0.794,0.27-1.671,0.31c-0.949,0.043-1.233,0.052-3.637,0.052 s-2.688-0.009-3.637-0.052c-0.877-0.04-1.354-0.187-1.671-0.31c-0.42-0.163-0.72-0.358-1.035-0.673 c-0.315-0.315-0.51-0.615-0.673-1.035c-0.123-0.317-0.27-0.794-0.31-1.671C4.631,14.688,4.622,14.403,4.622,12 s0.009-2.688,0.052-3.637c0.04-0.877,0.187-1.354,0.31-1.671c0.163-0.42,0.358-0.72,0.673-1.035 c0.315-0.315,0.615-0.51,1.035-0.673c0.317-0.123,0.794-0.27,1.671-0.31C9.312,4.631,9.597,4.622,12,4.622 M12,3 C9.556,3,9.249,3.01,8.289,3.054C7.331,3.098,6.677,3.25,6.105,3.472C5.513,3.702,5.011,4.01,4.511,4.511 c-0.5,0.5-0.808,1.002-1.038,1.594C3.25,6.677,3.098,7.331,3.054,8.289C3.01,9.249,3,9.556,3,12c0,2.444,0.01,2.751,0.054,3.711 c0.044,0.958,0.196,1.612,0.418,2.185c0.23,0.592,0.538,1.094,1.038,1.594c0.5,0.5,1.002,0.808,1.594,1.038 c0.572,0.222,1.227,0.375,2.185,0.418C9.249,20.99,9.556,21,12,21s2.751-0.01,3.711-0.054c0.958-0.044,1.612-0.196,2.185-0.418 c0.592-0.23,1.094-0.538,1.594-1.038c0.5-0.5,0.808-1.002,1.038-1.594c0.222-0.572,0.375-1.227,0.418-2.185 C20.99,14.751,21,14.444,21,12s-0.01-2.751-0.054-3.711c-0.044-0.958-0.196-1.612-0.418-2.185c-0.23-0.592-0.538-1.094-1.038-1.594 c-0.5-0.5-1.002-0.808-1.594-1.038c-0.572-0.222-1.227-0.375-2.185-0.418C14.751,3.01,14.444,3,12,3L12,3z M12,7.378 c-2.552,0-4.622,2.069-4.622,4.622S9.448,16.622,12,16.622s4.622-2.069,4.622-4.622S14.552,7.378,12,7.378z M12,15 c-1.657,0-3-1.343-3-3s1.343-3,3-3s3,1.343,3,3S13.657,15,12,15z M16.804,6.116c-0.596,0-1.08,0.484-1.08,1.08 s0.484,1.08,1.08,1.08c0.596,0,1.08-0.484,1.08-1.08S17.401,6.116,16.804,6.116z\"><\/path><\/svg><span class=\"wp-block-social-link-label screen-reader-text\">Instagram<\/span><\/a><\/li>\n\n<li class=\"wp-social-link wp-social-link-linkedin  wp-block-social-link\"><a href=\"https:\/\/www.linkedin.com\/company\/infovaldex-consulting\/?viewAsMember=true\" class=\"wp-block-social-link-anchor\"><svg width=\"24\" height=\"24\" viewbox=\"0 0 24 24\" version=\"1.1\" xmlns=\"http:\/\/www.w3.org\/2000\/svg\" aria-hidden=\"true\" focusable=\"false\"><path d=\"M19.7,3H4.3C3.582,3,3,3.582,3,4.3v15.4C3,20.418,3.582,21,4.3,21h15.4c0.718,0,1.3-0.582,1.3-1.3V4.3 C21,3.582,20.418,3,19.7,3z M8.339,18.338H5.667v-8.59h2.672V18.338z M7.004,8.574c-0.857,0-1.549-0.694-1.549-1.548 c0-0.855,0.691-1.548,1.549-1.548c0.854,0,1.547,0.694,1.547,1.548C8.551,7.881,7.858,8.574,7.004,8.574z M18.339,18.338h-2.669 v-4.177c0-0.996-0.017-2.278-1.387-2.278c-1.389,0-1.601,1.086-1.601,2.206v4.249h-2.667v-8.59h2.559v1.174h0.037 c0.356-0.675,1.227-1.387,2.526-1.387c2.703,0,3.203,1.779,3.203,4.092V18.338z\"><\/path><\/svg><span class=\"wp-block-social-link-label screen-reader-text\">LinkedIn<\/span><\/a><\/li>\n\n<li class=\"wp-social-link wp-social-link-facebook  wp-block-social-link\"><a href=\"https:\/\/www.facebook.com\/infovaldexconsulting\" class=\"wp-block-social-link-anchor\"><svg width=\"24\" height=\"24\" viewbox=\"0 0 24 24\" version=\"1.1\" xmlns=\"http:\/\/www.w3.org\/2000\/svg\" aria-hidden=\"true\" focusable=\"false\"><path d=\"M12 2C6.5 2 2 6.5 2 12c0 5 3.7 9.1 8.4 9.9v-7H7.9V12h2.5V9.8c0-2.5 1.5-3.9 3.8-3.9 1.1 0 2.2.2 2.2.2v2.5h-1.3c-1.2 0-1.6.8-1.6 1.6V12h2.8l-.4 2.9h-2.3v7C18.3 21.1 22 17 22 12c0-5.5-4.5-10-10-10z\"><\/path><\/svg><span class=\"wp-block-social-link-label screen-reader-text\">Facebook<\/span><\/a><\/li><\/ul>\n\n\n\n<p><\/p>","protected":false},"excerpt":{"rendered":"<p>INFOVALDEX CONSULTING Finansal Dan\u0131\u015fmanl\u0131k De\u011ferleme E\u011fitim ve Yaz\u0131l\u0131m Anonim \u015eirketi Ye\u015filk\u00f6y Mah. Atat\u00fcrk Cad. EGS Business Park. Blok No: 12 \u0130\u00e7 Kap\u0131 No: 8 Bak\u0131rk\u00f6y \/ \u0130STANBUL Tel: +90 553 691 60 09 E-mail: info@infovaldex.com.tr<\/p>","protected":false},"author":1,"featured_media":0,"parent":0,"menu_order":0,"comment_status":"closed","ping_status":"closed","template":"","meta":{"footnotes":""},"class_list":["post-13","page","type-page","status-publish","hentry"],"yoast_head":"<!-- This site is optimized with the Yoast SEO plugin v22.4 - https:\/\/yoast.com\/wordpress\/plugins\/seo\/ -->\n<title>\u0130leti\u015fim - INFOVALDEX CONSULTING<\/title>\n<meta name=\"robots\" content=\"index, follow, max-snippet:-1, max-image-preview:large, max-video-preview:-1\" \/>\n<link rel=\"canonical\" href=\"https:\/\/infovaldex.com.tr\/en\/iletisim\/\" \/>\n<meta property=\"og:locale\" content=\"en_GB\" \/>\n<meta property=\"og:type\" content=\"article\" \/>\n<meta property=\"og:title\" content=\"\u0130leti\u015fim - INFOVALDEX CONSULTING\" \/>\n<meta property=\"og:description\" content=\"INFOVALDEX CONSULTING Finansal Dan\u0131\u015fmanl\u0131k De\u011ferleme E\u011fitim ve Yaz\u0131l\u0131m Anonim \u015eirketi Ye\u015filk\u00f6y Mah. Atat\u00fcrk Cad. EGS Business Park. Blok No: 12 \u0130\u00e7 Kap\u0131 No: 8 Bak\u0131rk\u00f6y \/ \u0130STANBUL Tel: +90 553 691 60 09 E-mail: info@infovaldex.com.tr\" \/>\n<meta property=\"og:url\" content=\"https:\/\/infovaldex.com.tr\/en\/iletisim\/\" \/>\n<meta property=\"og:site_name\" content=\"INFOVALDEX CONSULTING\" \/>\n<meta property=\"article:modified_time\" content=\"2022-06-25T11:52:39+00:00\" \/>\n<meta name=\"twitter:card\" content=\"summary_large_image\" \/>\n<meta name=\"twitter:label1\" content=\"Estimated reading time\" \/>\n\t<meta name=\"twitter:data1\" content=\"1 minute\" \/>\n<script type=\"application\/ld+json\" class=\"yoast-schema-graph\">{\"@context\":\"https:\/\/schema.org\",\"@graph\":[{\"@type\":\"WebPage\",\"@id\":\"https:\/\/infovaldex.com.tr\/tr_tr\/iletisim\/\",\"url\":\"https:\/\/infovaldex.com.tr\/tr_tr\/iletisim\/\",\"name\":\"\u0130leti\u015fim - INFOVALDEX CONSULTING\",\"isPartOf\":{\"@id\":\"https:\/\/infovaldex.com.tr\/tr_tr\/#website\"},\"datePublished\":\"2020-02-13T13:26:50+00:00\",\"dateModified\":\"2022-06-25T11:52:39+00:00\",\"breadcrumb\":{\"@id\":\"https:\/\/infovaldex.com.tr\/tr_tr\/iletisim\/#breadcrumb\"},\"inLanguage\":\"en-GB\",\"potentialAction\":[{\"@type\":\"ReadAction\",\"target\":[\"https:\/\/infovaldex.com.tr\/tr_tr\/iletisim\/\"]}]},{\"@type\":\"BreadcrumbList\",\"@id\":\"https:\/\/infovaldex.com.tr\/tr_tr\/iletisim\/#breadcrumb\",\"itemListElement\":[{\"@type\":\"ListItem\",\"position\":1,\"name\":\"Home\",\"item\":\"https:\/\/infovaldex.com.tr\/tr_tr\/\"},{\"@type\":\"ListItem\",\"position\":2,\"name\":\"\u0130leti\u015fim\"}]},{\"@type\":\"WebSite\",\"@id\":\"https:\/\/infovaldex.com.tr\/tr_tr\/#website\",\"url\":\"https:\/\/infovaldex.com.tr\/tr_tr\/\",\"name\":\"INFOVALDEX CONSULTING\",\"description\":\"F\u0130NANSAL DANI\u015eMANLIK DE\u011eERLEME E\u011e\u0130T\u0130M VE YAZILIM ANON\u0130M \u015e\u0130RKET\u0130\",\"publisher\":{\"@id\":\"https:\/\/infovaldex.com.tr\/tr_tr\/#organization\"},\"potentialAction\":[{\"@type\":\"SearchAction\",\"target\":{\"@type\":\"EntryPoint\",\"urlTemplate\":\"https:\/\/infovaldex.com.tr\/tr_tr\/?s={search_term_string}\"},\"query-input\":\"required name=search_term_string\"}],\"inLanguage\":\"en-GB\"},{\"@type\":\"Organization\",\"@id\":\"https:\/\/infovaldex.com.tr\/tr_tr\/#organization\",\"name\":\"INFOVALDEX\",\"url\":\"https:\/\/infovaldex.com.tr\/tr_tr\/\",\"logo\":{\"@type\":\"ImageObject\",\"inLanguage\":\"en-GB\",\"@id\":\"https:\/\/infovaldex.com.tr\/tr_tr\/#\/schema\/logo\/image\/\",\"url\":\"https:\/\/infovaldex.com.tr\/wp-content\/uploads\/2020\/02\/infovaldexlogo.png\",\"contentUrl\":\"https:\/\/infovaldex.com.tr\/wp-content\/uploads\/2020\/02\/infovaldexlogo.png\",\"width\":150,\"height\":83,\"caption\":\"INFOVALDEX\"},\"image\":{\"@id\":\"https:\/\/infovaldex.com.tr\/tr_tr\/#\/schema\/logo\/image\/\"}}]}<\/script>\n<!-- \/ Yoast SEO plugin. -->","yoast_head_json":{"title":"\u0130leti\u015fim - INFOVALDEX CONSULTING","robots":{"index":"index","follow":"follow","max-snippet":"max-snippet:-1","max-image-preview":"max-image-preview:large","max-video-preview":"max-video-preview:-1"},"canonical":"https:\/\/infovaldex.com.tr\/en\/iletisim\/","og_locale":"en_GB","og_type":"article","og_title":"\u0130leti\u015fim - INFOVALDEX CONSULTING","og_description":"INFOVALDEX CONSULTING Finansal Dan\u0131\u015fmanl\u0131k De\u011ferleme E\u011fitim ve Yaz\u0131l\u0131m Anonim \u015eirketi Ye\u015filk\u00f6y Mah. Atat\u00fcrk Cad. EGS Business Park. Blok No: 12 \u0130\u00e7 Kap\u0131 No: 8 Bak\u0131rk\u00f6y \/ \u0130STANBUL Tel: +90 553 691 60 09 E-mail: info@infovaldex.com.tr","og_url":"https:\/\/infovaldex.com.tr\/en\/iletisim\/","og_site_name":"INFOVALDEX CONSULTING","article_modified_time":"2022-06-25T11:52:39+00:00","twitter_card":"summary_large_image","twitter_misc":{"Estimated reading time":"1 minute"},"schema":{"@context":"https:\/\/schema.org","@graph":[{"@type":"WebPage","@id":"https:\/\/infovaldex.com.tr\/tr_tr\/iletisim\/","url":"https:\/\/infovaldex.com.tr\/tr_tr\/iletisim\/","name":"\u0130leti\u015fim - INFOVALDEX CONSULTING","isPartOf":{"@id":"https:\/\/infovaldex.com.tr\/tr_tr\/#website"},"datePublished":"2020-02-13T13:26:50+00:00","dateModified":"2022-06-25T11:52:39+00:00","breadcrumb":{"@id":"https:\/\/infovaldex.com.tr\/tr_tr\/iletisim\/#breadcrumb"},"inLanguage":"en-GB","potentialAction":[{"@type":"ReadAction","target":["https:\/\/infovaldex.com.tr\/tr_tr\/iletisim\/"]}]},{"@type":"BreadcrumbList","@id":"https:\/\/infovaldex.com.tr\/tr_tr\/iletisim\/#breadcrumb","itemListElement":[{"@type":"ListItem","position":1,"name":"Home","item":"https:\/\/infovaldex.com.tr\/tr_tr\/"},{"@type":"ListItem","position":2,"name":"\u0130leti\u015fim"}]},{"@type":"WebSite","@id":"https:\/\/infovaldex.com.tr\/tr_tr\/#website","url":"https:\/\/infovaldex.com.tr\/tr_tr\/","name":"INFOVALDEX CONSULTING","description":"F\u0130NANSAL DANI\u015eMANLIK DE\u011eERLEME E\u011e\u0130T\u0130M VE YAZILIM ANON\u0130M \u015e\u0130RKET\u0130","publisher":{"@id":"https:\/\/infovaldex.com.tr\/tr_tr\/#organization"},"potentialAction":[{"@type":"SearchAction","target":{"@type":"EntryPoint","urlTemplate":"https:\/\/infovaldex.com.tr\/tr_tr\/?s={search_term_string}"},"query-input":"required name=search_term_string"}],"inLanguage":"en-GB"},{"@type":"Organization","@id":"https:\/\/infovaldex.com.tr\/tr_tr\/#organization","name":"INFOVALDEX","url":"https:\/\/infovaldex.com.tr\/tr_tr\/","logo":{"@type":"ImageObject","inLanguage":"en-GB","@id":"https:\/\/infovaldex.com.tr\/tr_tr\/#\/schema\/logo\/image\/","url":"https:\/\/infovaldex.com.tr\/wp-content\/uploads\/2020\/02\/infovaldexlogo.png","contentUrl":"https:\/\/infovaldex.com.tr\/wp-content\/uploads\/2020\/02\/infovaldexlogo.png","width":150,"height":83,"caption":"INFOVALDEX"},"image":{"@id":"https:\/\/infovaldex.com.tr\/tr_tr\/#\/schema\/logo\/image\/"}}]}},"_links":{"self":[{"href":"https:\/\/infovaldex.com.tr\/en\/wp-json\/wp\/v2\/pages\/13","targetHints":{"allow":["GET"]}}],"collection":[{"href":"https:\/\/infovaldex.com.tr\/en\/wp-json\/wp\/v2\/pages"}],"about":[{"href":"https:\/\/infovaldex.com.tr\/en\/wp-json\/wp\/v2\/types\/page"}],"author":[{"embeddable":true,"href":"https:\/\/infovaldex.com.tr\/en\/wp-json\/wp\/v2\/users\/1"}],"replies":[{"embeddable":true,"href":"https:\/\/infovaldex.com.tr\/en\/wp-json\/wp\/v2\/comments?post=13"}],"version-history":[{"count":60,"href":"https:\/\/infovaldex.com.tr\/en\/wp-json\/wp\/v2\/pages\/13\/revisions"}],"predecessor-version":[{"id":489,"href":"https:\/\/infovaldex.com.tr\/en\/wp-json\/wp\/v2\/pages\/13\/revisions\/489"}],"wp:attachment":[{"href":"https:\/\/infovaldex.com.tr\/en\/wp-json\/wp\/v2\/media?parent=13"}],"curies":[{"name":"wp","href":"https:\/\/api.w.org\/{rel}","templated":true}]}}