{"id":11,"date":"2020-02-13T16:26:50","date_gmt":"2020-02-13T13:26:50","guid":{"rendered":"http:\/\/infovaldex.com.tr\/?page_id=11"},"modified":"2020-04-10T16:55:14","modified_gmt":"2020-04-10T13:55:14","slug":"infovaldex-consulting-yonetim-danismanligi-ve-egitim","status":"publish","type":"page","link":"https:\/\/infovaldex.com.tr\/en\/","title":{"rendered":"Infovaldex"},"content":{"rendered":"<div class=\"wp-block-group\"><div class=\"wp-block-group__inner-container is-layout-flow wp-block-group-is-layout-flow\">\n<p class=\" translation-block\"><strong> INFOVALDEX CONSULTING <\/strong> provides consultancy and training services and creates a sustainable development model in order to carry out all the activities of the solution partner companies in the most effective and efficient way in line with the needs with its staff consisting of experienced academic experts, industrial experience, quality service capacity,<\/p>\n\n\n\n<p><\/p>\n\n\n\n<p> <\/p>\n<\/div><\/div>\n\n\n\n<div class=\"wp-block-group\"><div class=\"wp-block-group__inner-container is-layout-flow wp-block-group-is-layout-flow\">\n<div class=\"wp-block-group\"><div class=\"wp-block-group__inner-container is-layout-flow wp-block-group-is-layout-flow\">\n<div class=\"wp-block-columns is-layout-flex wp-container-core-columns-is-layout-9d6595d7 wp-block-columns-is-layout-flex\">\n<div class=\"wp-block-column is-layout-flow wp-block-column-is-layout-flow\">\n<p class=\"has-text-align-left\"><strong>Management Consulting <\/strong><\/p>\n\n\n\n<p>Institutionalization Steps<\/p>\n\n\n\n<p>Family Contracts<\/p>\n\n\n\n<p>Company Re-organization<\/p>\n\n\n\n<p class=\"has-text-align-left\">Project and Business Model Development Canvas<\/p>\n\n\n\n<p>Project Support Models<\/p>\n<\/div>\n\n\n\n<div class=\"wp-block-column is-vertically-aligned-top is-layout-flow wp-block-column-is-layout-flow\">\n<p><strong>Company Valuation Services <\/strong><\/p>\n\n\n\n<p>Financial Advisory Services<\/p>\n\n\n\n<p>Financial Structure Re-organization<\/p>\n\n\n\n<p>Firm Reporting<\/p>\n\n\n\n<p>International Financial Reporting Standards<\/p>\n\n\n\n<p>Company Acquisitions and Mergers<\/p>\n<\/div>\n\n\n\n<div class=\"wp-block-column is-layout-flow wp-block-column-is-layout-flow\">\n<p><strong>In-Company Trainings<\/strong><\/p>\n\n\n\n<p>Management Development Trainings<\/p>\n\n\n\n<p>Competence Development Trainings<\/p>\n\n\n\n<p>Digital and Social Media Marketing<\/p>\n<\/div>\n<\/div>\n\n\n\n<div class=\"wp-block-group\"><div class=\"wp-block-group__inner-container is-layout-flow wp-block-group-is-layout-flow\">\n<p class=\" translation-block\">It is a young, dynamic, innovative and pioneering company that offers <strong> \u201ccustomer-oriented\u201d<\/strong> managerial solutions with its support programs.<\/p>\n<\/div><\/div>\n<\/div><\/div>\n<\/div><\/div>","protected":false},"excerpt":{"rendered":"","protected":false},"author":1,"featured_media":0,"parent":0,"menu_order":0,"comment_status":"closed","ping_status":"closed","template":"","meta":{"footnotes":""},"class_list":["post-11","page","type-page","status-publish","hentry"],"yoast_head":"<!-- This site is optimized with the Yoast SEO plugin v22.4 - https:\/\/yoast.com\/wordpress\/plugins\/seo\/ -->\n<title>Infovaldex - INFOVALDEX CONSULTING F\u0130NANSAL DANI\u015eMANLIK DE\u011eERLEME E\u011e\u0130T\u0130M VE YAZILIM ANON\u0130M \u015e\u0130RKET\u0130 %<\/title>\n<meta name=\"description\" content=\"Deneyimli akademik uzmanlardan olu\u015fan kadrosu ve kaliteli hizmet kapasitesiyle INFOVALDEX CONSULTING Kurumsal Finansman, Firma De\u011ferleme Hizmetleri, \u015eirket Sat\u0131n Al\u0131m ve Birle\u015fmeleri, Mali Yap\u0131 Re-organizasyonu, Y\u00f6netim Dan\u0131\u015fmanl\u0131\u011f\u0131, Firma Raporlamalar\u0131 ve \u015eirket i\u00e7i E\u011fitim Destek programlar\u0131yla m\u00fc\u015fteri odakl\u0131 y\u00f6netimsel \u00e7\u00f6z\u00fcmler sunan gen\u00e7, dinamik, yenilik\u00e7i ve \u00f6nc\u00fc bir \u015firkettir.\" \/>\n<meta name=\"robots\" content=\"index, follow, max-snippet:-1, max-image-preview:large, max-video-preview:-1\" \/>\n<link rel=\"canonical\" href=\"https:\/\/infovaldex.com.tr\/en\/\" \/>\n<meta property=\"og:locale\" content=\"en_GB\" \/>\n<meta property=\"og:type\" content=\"article\" \/>\n<meta property=\"og:title\" content=\"Infovaldex - INFOVALDEX CONSULTING F\u0130NANSAL DANI\u015eMANLIK DE\u011eERLEME E\u011e\u0130T\u0130M VE YAZILIM ANON\u0130M \u015e\u0130RKET\u0130 %\" \/>\n<meta property=\"og:description\" content=\"Deneyimli akademik uzmanlardan olu\u015fan kadrosu ve kaliteli hizmet kapasitesiyle INFOVALDEX CONSULTING Kurumsal Finansman, Firma De\u011ferleme Hizmetleri, \u015eirket Sat\u0131n Al\u0131m ve Birle\u015fmeleri, Mali Yap\u0131 Re-organizasyonu, Y\u00f6netim Dan\u0131\u015fmanl\u0131\u011f\u0131, Firma Raporlamalar\u0131 ve \u015eirket i\u00e7i E\u011fitim Destek programlar\u0131yla m\u00fc\u015fteri odakl\u0131 y\u00f6netimsel \u00e7\u00f6z\u00fcmler sunan gen\u00e7, dinamik, yenilik\u00e7i ve \u00f6nc\u00fc bir \u015firkettir.\" \/>\n<meta property=\"og:url\" content=\"https:\/\/infovaldex.com.tr\/en\/\" \/>\n<meta property=\"og:site_name\" content=\"INFOVALDEX CONSULTING\" \/>\n<meta property=\"article:modified_time\" content=\"2020-04-10T13:55:14+00:00\" \/>\n<meta name=\"twitter:card\" content=\"summary_large_image\" \/>\n<script type=\"application\/ld+json\" class=\"yoast-schema-graph\">{\"@context\":\"https:\/\/schema.org\",\"@graph\":[{\"@type\":\"WebPage\",\"@id\":\"https:\/\/infovaldex.com.tr\/tr_tr\/\",\"url\":\"https:\/\/infovaldex.com.tr\/tr_tr\/\",\"name\":\"Infovaldex - INFOVALDEX CONSULTING F\u0130NANSAL DANI\u015eMANLIK DE\u011eERLEME E\u011e\u0130T\u0130M VE YAZILIM ANON\u0130M \u015e\u0130RKET\u0130 %\",\"isPartOf\":{\"@id\":\"https:\/\/infovaldex.com.tr\/tr_tr\/#website\"},\"datePublished\":\"2020-02-13T13:26:50+00:00\",\"dateModified\":\"2020-04-10T13:55:14+00:00\",\"description\":\"Deneyimli akademik uzmanlardan olu\u015fan kadrosu ve kaliteli hizmet kapasitesiyle INFOVALDEX CONSULTING Kurumsal Finansman, Firma De\u011ferleme Hizmetleri, \u015eirket Sat\u0131n Al\u0131m ve Birle\u015fmeleri, Mali Yap\u0131 Re-organizasyonu, Y\u00f6netim Dan\u0131\u015fmanl\u0131\u011f\u0131, Firma Raporlamalar\u0131 ve \u015eirket i\u00e7i E\u011fitim Destek programlar\u0131yla m\u00fc\u015fteri odakl\u0131 y\u00f6netimsel \u00e7\u00f6z\u00fcmler sunan gen\u00e7, dinamik, yenilik\u00e7i ve \u00f6nc\u00fc bir \u015firkettir.\",\"breadcrumb\":{\"@id\":\"https:\/\/infovaldex.com.tr\/tr_tr\/#breadcrumb\"},\"inLanguage\":\"en-GB\",\"potentialAction\":[{\"@type\":\"ReadAction\",\"target\":[\"https:\/\/infovaldex.com.tr\/tr_tr\/\"]}]},{\"@type\":\"BreadcrumbList\",\"@id\":\"https:\/\/infovaldex.com.tr\/tr_tr\/#breadcrumb\",\"itemListElement\":[{\"@type\":\"ListItem\",\"position\":1,\"name\":\"Home\",\"item\":\"https:\/\/infovaldex.com.tr\/tr_tr\/\"},{\"@type\":\"ListItem\",\"position\":2,\"name\":\"Infovaldex\"}]},{\"@type\":\"WebSite\",\"@id\":\"https:\/\/infovaldex.com.tr\/tr_tr\/#website\",\"url\":\"https:\/\/infovaldex.com.tr\/tr_tr\/\",\"name\":\"INFOVALDEX CONSULTING\",\"description\":\"F\u0130NANSAL DANI\u015eMANLIK DE\u011eERLEME E\u011e\u0130T\u0130M VE YAZILIM ANON\u0130M \u015e\u0130RKET\u0130\",\"publisher\":{\"@id\":\"https:\/\/infovaldex.com.tr\/tr_tr\/#organization\"},\"potentialAction\":[{\"@type\":\"SearchAction\",\"target\":{\"@type\":\"EntryPoint\",\"urlTemplate\":\"https:\/\/infovaldex.com.tr\/tr_tr\/?s={search_term_string}\"},\"query-input\":\"required name=search_term_string\"}],\"inLanguage\":\"en-GB\"},{\"@type\":\"Organization\",\"@id\":\"https:\/\/infovaldex.com.tr\/tr_tr\/#organization\",\"name\":\"INFOVALDEX\",\"url\":\"https:\/\/infovaldex.com.tr\/tr_tr\/\",\"logo\":{\"@type\":\"ImageObject\",\"inLanguage\":\"en-GB\",\"@id\":\"https:\/\/infovaldex.com.tr\/tr_tr\/#\/schema\/logo\/image\/\",\"url\":\"https:\/\/infovaldex.com.tr\/wp-content\/uploads\/2020\/02\/infovaldexlogo.png\",\"contentUrl\":\"https:\/\/infovaldex.com.tr\/wp-content\/uploads\/2020\/02\/infovaldexlogo.png\",\"width\":150,\"height\":83,\"caption\":\"INFOVALDEX\"},\"image\":{\"@id\":\"https:\/\/infovaldex.com.tr\/tr_tr\/#\/schema\/logo\/image\/\"}}]}<\/script>\n<!-- \/ Yoast SEO plugin. -->","yoast_head_json":{"title":"Infovaldex - INFOVALDEX CONSULTING F\u0130NANSAL DANI\u015eMANLIK DE\u011eERLEME E\u011e\u0130T\u0130M VE YAZILIM ANON\u0130M \u015e\u0130RKET\u0130 %","description":"Deneyimli akademik uzmanlardan olu\u015fan kadrosu ve kaliteli hizmet kapasitesiyle INFOVALDEX CONSULTING Kurumsal Finansman, Firma De\u011ferleme Hizmetleri, \u015eirket Sat\u0131n Al\u0131m ve Birle\u015fmeleri, Mali Yap\u0131 Re-organizasyonu, Y\u00f6netim Dan\u0131\u015fmanl\u0131\u011f\u0131, Firma Raporlamalar\u0131 ve \u015eirket i\u00e7i E\u011fitim Destek programlar\u0131yla m\u00fc\u015fteri odakl\u0131 y\u00f6netimsel \u00e7\u00f6z\u00fcmler sunan gen\u00e7, dinamik, yenilik\u00e7i ve \u00f6nc\u00fc bir \u015firkettir.","robots":{"index":"index","follow":"follow","max-snippet":"max-snippet:-1","max-image-preview":"max-image-preview:large","max-video-preview":"max-video-preview:-1"},"canonical":"https:\/\/infovaldex.com.tr\/en\/","og_locale":"en_GB","og_type":"article","og_title":"Infovaldex - INFOVALDEX CONSULTING F\u0130NANSAL DANI\u015eMANLIK DE\u011eERLEME E\u011e\u0130T\u0130M VE YAZILIM ANON\u0130M \u015e\u0130RKET\u0130 %","og_description":"Deneyimli akademik uzmanlardan olu\u015fan kadrosu ve kaliteli hizmet kapasitesiyle INFOVALDEX CONSULTING Kurumsal Finansman, Firma De\u011ferleme Hizmetleri, \u015eirket Sat\u0131n Al\u0131m ve Birle\u015fmeleri, Mali Yap\u0131 Re-organizasyonu, Y\u00f6netim Dan\u0131\u015fmanl\u0131\u011f\u0131, Firma Raporlamalar\u0131 ve \u015eirket i\u00e7i E\u011fitim Destek programlar\u0131yla m\u00fc\u015fteri odakl\u0131 y\u00f6netimsel \u00e7\u00f6z\u00fcmler sunan gen\u00e7, dinamik, yenilik\u00e7i ve \u00f6nc\u00fc bir \u015firkettir.","og_url":"https:\/\/infovaldex.com.tr\/en\/","og_site_name":"INFOVALDEX CONSULTING","article_modified_time":"2020-04-10T13:55:14+00:00","twitter_card":"summary_large_image","schema":{"@context":"https:\/\/schema.org","@graph":[{"@type":"WebPage","@id":"https:\/\/infovaldex.com.tr\/tr_tr\/","url":"https:\/\/infovaldex.com.tr\/tr_tr\/","name":"Infovaldex - INFOVALDEX CONSULTING F\u0130NANSAL DANI\u015eMANLIK DE\u011eERLEME E\u011e\u0130T\u0130M VE YAZILIM ANON\u0130M \u015e\u0130RKET\u0130 %","isPartOf":{"@id":"https:\/\/infovaldex.com.tr\/tr_tr\/#website"},"datePublished":"2020-02-13T13:26:50+00:00","dateModified":"2020-04-10T13:55:14+00:00","description":"Deneyimli akademik uzmanlardan olu\u015fan kadrosu ve kaliteli hizmet kapasitesiyle INFOVALDEX CONSULTING Kurumsal Finansman, Firma De\u011ferleme Hizmetleri, \u015eirket Sat\u0131n Al\u0131m ve Birle\u015fmeleri, Mali Yap\u0131 Re-organizasyonu, Y\u00f6netim Dan\u0131\u015fmanl\u0131\u011f\u0131, Firma Raporlamalar\u0131 ve \u015eirket i\u00e7i E\u011fitim Destek programlar\u0131yla m\u00fc\u015fteri odakl\u0131 y\u00f6netimsel \u00e7\u00f6z\u00fcmler sunan gen\u00e7, dinamik, yenilik\u00e7i ve \u00f6nc\u00fc bir \u015firkettir.","breadcrumb":{"@id":"https:\/\/infovaldex.com.tr\/tr_tr\/#breadcrumb"},"inLanguage":"en-GB","potentialAction":[{"@type":"ReadAction","target":["https:\/\/infovaldex.com.tr\/tr_tr\/"]}]},{"@type":"BreadcrumbList","@id":"https:\/\/infovaldex.com.tr\/tr_tr\/#breadcrumb","itemListElement":[{"@type":"ListItem","position":1,"name":"Home","item":"https:\/\/infovaldex.com.tr\/tr_tr\/"},{"@type":"ListItem","position":2,"name":"Infovaldex"}]},{"@type":"WebSite","@id":"https:\/\/infovaldex.com.tr\/tr_tr\/#website","url":"https:\/\/infovaldex.com.tr\/tr_tr\/","name":"INFOVALDEX CONSULTING","description":"F\u0130NANSAL DANI\u015eMANLIK DE\u011eERLEME E\u011e\u0130T\u0130M VE YAZILIM ANON\u0130M \u015e\u0130RKET\u0130","publisher":{"@id":"https:\/\/infovaldex.com.tr\/tr_tr\/#organization"},"potentialAction":[{"@type":"SearchAction","target":{"@type":"EntryPoint","urlTemplate":"https:\/\/infovaldex.com.tr\/tr_tr\/?s={search_term_string}"},"query-input":"required name=search_term_string"}],"inLanguage":"en-GB"},{"@type":"Organization","@id":"https:\/\/infovaldex.com.tr\/tr_tr\/#organization","name":"INFOVALDEX","url":"https:\/\/infovaldex.com.tr\/tr_tr\/","logo":{"@type":"ImageObject","inLanguage":"en-GB","@id":"https:\/\/infovaldex.com.tr\/tr_tr\/#\/schema\/logo\/image\/","url":"https:\/\/infovaldex.com.tr\/wp-content\/uploads\/2020\/02\/infovaldexlogo.png","contentUrl":"https:\/\/infovaldex.com.tr\/wp-content\/uploads\/2020\/02\/infovaldexlogo.png","width":150,"height":83,"caption":"INFOVALDEX"},"image":{"@id":"https:\/\/infovaldex.com.tr\/tr_tr\/#\/schema\/logo\/image\/"}}]}},"_links":{"self":[{"href":"https:\/\/infovaldex.com.tr\/en\/wp-json\/wp\/v2\/pages\/11","targetHints":{"allow":["GET"]}}],"collection":[{"href":"https:\/\/infovaldex.com.tr\/en\/wp-json\/wp\/v2\/pages"}],"about":[{"href":"https:\/\/infovaldex.com.tr\/en\/wp-json\/wp\/v2\/types\/page"}],"author":[{"embeddable":true,"href":"https:\/\/infovaldex.com.tr\/en\/wp-json\/wp\/v2\/users\/1"}],"replies":[{"embeddable":true,"href":"https:\/\/infovaldex.com.tr\/en\/wp-json\/wp\/v2\/comments?post=11"}],"version-history":[{"count":16,"href":"https:\/\/infovaldex.com.tr\/en\/wp-json\/wp\/v2\/pages\/11\/revisions"}],"predecessor-version":[{"id":208,"href":"https:\/\/infovaldex.com.tr\/en\/wp-json\/wp\/v2\/pages\/11\/revisions\/208"}],"wp:attachment":[{"href":"https:\/\/infovaldex.com.tr\/en\/wp-json\/wp\/v2\/media?parent=11"}],"curies":[{"name":"wp","href":"https:\/\/api.w.org\/{rel}","templated":true}]}}